{"id":2082,"date":"2025-08-03T07:05:51","date_gmt":"2025-08-03T04:05:51","guid":{"rendered":"https:\/\/tasarim2.yusufkecici.com.tr\/?page_id=2082"},"modified":"2026-02-04T14:43:11","modified_gmt":"2026-02-04T11:43:11","slug":"haberler","status":"publish","type":"page","link":"https:\/\/citiusmuhendislik.com\/en\/haberler\/","title":{"rendered":"News"},"content":{"rendered":"<div data-elementor-type=\"wp-page\" data-elementor-id=\"2082\" class=\"elementor elementor-2082\" data-elementor-post-type=\"page\">\n\t\t\t\t\t\t<section class=\"elementor-section elementor-top-section elementor-element elementor-element-8c3d564 elementor-section-boxed elementor-section-height-default elementor-section-height-default\" data-id=\"8c3d564\" data-element_type=\"section\" data-e-type=\"section\" data-settings=\"{&quot;background_background&quot;:&quot;classic&quot;}\">\n\t\t\t\t\t\t\t<div class=\"elementor-background-overlay\"><\/div>\n\t\t\t\t\t\t\t<div class=\"elementor-container elementor-column-gap-default\">\n\t\t\t\t\t<div class=\"elementor-column elementor-col-100 elementor-top-column elementor-element elementor-element-2d31ec8e\" data-id=\"2d31ec8e\" data-element_type=\"column\" data-e-type=\"column\">\n\t\t\t<div class=\"elementor-widget-wrap elementor-element-populated\">\n\t\t\t\t\t\t<div class=\"elementor-element elementor-element-595cfbe0 elementor-widget elementor-widget-heading\" data-id=\"595cfbe0\" data-element_type=\"widget\" data-e-type=\"widget\" data-widget_type=\"heading.default\">\n\t\t\t\t\t<h1 class=\"elementor-heading-title elementor-size-default\">News<\/h1>\t\t\t\t<\/div>\n\t\t\t\t\t<\/div>\n\t\t<\/div>\n\t\t\t\t\t<\/div>\n\t\t<\/section>\n\t\t\t\t<section class=\"elementor-section elementor-top-section elementor-element elementor-element-9287c48 elementor-section-boxed elementor-section-height-default elementor-section-height-default\" data-id=\"9287c48\" data-element_type=\"section\" data-e-type=\"section\">\n\t\t\t\t\t\t<div class=\"elementor-container elementor-column-gap-default\">\n\t\t\t\t\t<div class=\"elementor-column elementor-col-100 elementor-top-column elementor-element elementor-element-6f0764c6\" data-id=\"6f0764c6\" data-element_type=\"column\" data-e-type=\"column\">\n\t\t\t<div class=\"elementor-widget-wrap elementor-element-populated\">\n\t\t\t\t\t\t<section class=\"elementor-section elementor-inner-section elementor-element elementor-element-1c3036ed elementor-section-boxed elementor-section-height-default elementor-section-height-default\" data-id=\"1c3036ed\" data-element_type=\"section\" data-e-type=\"section\">\n\t\t\t\t\t\t<div class=\"elementor-container elementor-column-gap-default\">\n\t\t\t\t\t<div class=\"elementor-column elementor-col-100 elementor-inner-column elementor-element elementor-element-3f0ce72d\" data-id=\"3f0ce72d\" data-element_type=\"column\" data-e-type=\"column\">\n\t\t\t<div class=\"elementor-widget-wrap elementor-element-populated\">\n\t\t\t\t\t\t<div class=\"elementor-element elementor-element-71974df elementor-widget elementor-widget-heading\" data-id=\"71974df\" data-element_type=\"widget\" data-e-type=\"widget\" data-widget_type=\"heading.default\">\n\t\t\t\t\t<h6 class=\"elementor-heading-title elementor-size-default\">Citius Engineering<\/h6>\t\t\t\t<\/div>\n\t\t\t\t<div class=\"elementor-element elementor-element-6b512ce5 elementor-widget elementor-widget-text-editor\" data-id=\"6b512ce5\" data-element_type=\"widget\" data-e-type=\"widget\" data-widget_type=\"text-editor.default\">\n\t\t\t\t\t\t\t\t\t<p>Don&#039;t miss the latest news on fair announcements, sectoral developments and innovative projects by following this section.<\/p>\t\t\t\t\t\t\t\t<\/div>\n\t\t\t\t\t<\/div>\n\t\t<\/div>\n\t\t\t\t\t<\/div>\n\t\t<\/section>\n\t\t\t\t<section class=\"elementor-section elementor-inner-section elementor-element elementor-element-6584fc09 elementor-section-boxed elementor-section-height-default elementor-section-height-default\" data-id=\"6584fc09\" data-element_type=\"section\" data-e-type=\"section\">\n\t\t\t\t\t\t<div class=\"elementor-container elementor-column-gap-default\">\n\t\t\t\t\t<div class=\"elementor-column elementor-col-25 elementor-inner-column elementor-element elementor-element-2813aec7\" data-id=\"2813aec7\" data-element_type=\"column\" data-e-type=\"column\">\n\t\t\t<div class=\"elementor-widget-wrap elementor-element-populated\">\n\t\t\t\t\t\t<div class=\"elementor-element elementor-element-d8a334e elementor-position-top elementor-widget elementor-widget-image-box\" data-id=\"d8a334e\" data-element_type=\"widget\" data-e-type=\"widget\" data-widget_type=\"image-box.default\">\n\t\t\t\t\t<div class=\"elementor-image-box-wrapper\"><figure class=\"elementor-image-box-img\"><img fetchpriority=\"high\" decoding=\"async\" width=\"1179\" height=\"1158\" src=\"https:\/\/citiusmuhendislik.com\/wp-content\/uploads\/2026\/02\/sdfs8.43.jpeg\" class=\"attachment-full size-full wp-image-2907\" alt=\"\" title=\"\" srcset=\"https:\/\/citiusmuhendislik.com\/wp-content\/uploads\/2026\/02\/sdfs8.43.jpeg 1179w, https:\/\/citiusmuhendislik.com\/wp-content\/uploads\/2026\/02\/sdfs8.43-300x295.jpeg 300w, https:\/\/citiusmuhendislik.com\/wp-content\/uploads\/2026\/02\/sdfs8.43-1024x1006.jpeg 1024w, https:\/\/citiusmuhendislik.com\/wp-content\/uploads\/2026\/02\/sdfs8.43-768x754.jpeg 768w, https:\/\/citiusmuhendislik.com\/wp-content\/uploads\/2026\/02\/sdfs8.43-12x12.jpeg 12w\" sizes=\"(max-width: 1179px) 100vw, 1179px\" \/><\/figure><div class=\"elementor-image-box-content\"><h3 class=\"elementor-image-box-title\">October 2026<\/h3><\/div><\/div>\t\t\t\t<\/div>\n\t\t\t\t\t<\/div>\n\t\t<\/div>\n\t\t\t\t<div class=\"elementor-column elementor-col-25 elementor-inner-column elementor-element elementor-element-630d2c29\" data-id=\"630d2c29\" data-element_type=\"column\" data-e-type=\"column\">\n\t\t\t<div class=\"elementor-widget-wrap elementor-element-populated\">\n\t\t\t\t\t\t<div class=\"elementor-element elementor-element-0ad6972 elementor-position-top elementor-widget elementor-widget-image-box\" data-id=\"0ad6972\" data-element_type=\"widget\" data-e-type=\"widget\" data-widget_type=\"image-box.default\">\n\t\t\t\t\t<div class=\"elementor-image-box-wrapper\"><figure class=\"elementor-image-box-img\"><img decoding=\"async\" width=\"1179\" height=\"1380\" src=\"https:\/\/citiusmuhendislik.com\/wp-content\/uploads\/2026\/02\/WhatsApp-Image-2026-02-03-at-11.08.43.jpeg\" class=\"attachment-full size-full wp-image-2908\" alt=\"\" title=\"\" srcset=\"https:\/\/citiusmuhendislik.com\/wp-content\/uploads\/2026\/02\/WhatsApp-Image-2026-02-03-at-11.08.43.jpeg 1179w, https:\/\/citiusmuhendislik.com\/wp-content\/uploads\/2026\/02\/WhatsApp-Image-2026-02-03-at-11.08.43-256x300.jpeg 256w, https:\/\/citiusmuhendislik.com\/wp-content\/uploads\/2026\/02\/WhatsApp-Image-2026-02-03-at-11.08.43-875x1024.jpeg 875w, https:\/\/citiusmuhendislik.com\/wp-content\/uploads\/2026\/02\/WhatsApp-Image-2026-02-03-at-11.08.43-768x899.jpeg 768w, https:\/\/citiusmuhendislik.com\/wp-content\/uploads\/2026\/02\/WhatsApp-Image-2026-02-03-at-11.08.43-10x12.jpeg 10w\" sizes=\"(max-width: 1179px) 100vw, 1179px\" \/><\/figure><div class=\"elementor-image-box-content\"><h3 class=\"elementor-image-box-title\">June 2027<\/h3><\/div><\/div>\t\t\t\t<\/div>\n\t\t\t\t\t<\/div>\n\t\t<\/div>\n\t\t\t\t<div class=\"elementor-column elementor-col-25 elementor-inner-column elementor-element elementor-element-69e17b6\" data-id=\"69e17b6\" data-element_type=\"column\" data-e-type=\"column\">\n\t\t\t<div class=\"elementor-widget-wrap\">\n\t\t\t\t\t\t\t<\/div>\n\t\t<\/div>\n\t\t\t\t<div class=\"elementor-column elementor-col-25 elementor-inner-column elementor-element elementor-element-b5fee3d\" data-id=\"b5fee3d\" data-element_type=\"column\" data-e-type=\"column\">\n\t\t\t<div class=\"elementor-widget-wrap\">\n\t\t\t\t\t\t\t<\/div>\n\t\t<\/div>\n\t\t\t\t\t<\/div>\n\t\t<\/section>\n\t\t\t\t\t<\/div>\n\t\t<\/div>\n\t\t\t\t\t<\/div>\n\t\t<\/section>\n\t\t\t\t<\/div>","protected":false},"excerpt":{"rendered":"<p>Haberler Citius M\u00fchendislik Fuar duyurular\u0131, sekt\u00f6rel geli\u015fmeler ve yenilik\u00e7i projelerle ilgili g\u00fcncel haberleri bu b\u00f6l\u00fcm\u00fc takip ederek ka\u00e7\u0131rmay\u0131n. Ekim 2026 Haziran 2027<\/p>","protected":false},"author":1,"featured_media":0,"parent":0,"menu_order":0,"comment_status":"closed","ping_status":"closed","template":"","meta":{"footnotes":""},"class_list":["post-2082","page","type-page","status-publish","hentry"],"_links":{"self":[{"href":"https:\/\/citiusmuhendislik.com\/en\/wp-json\/wp\/v2\/pages\/2082","targetHints":{"allow":["GET"]}}],"collection":[{"href":"https:\/\/citiusmuhendislik.com\/en\/wp-json\/wp\/v2\/pages"}],"about":[{"href":"https:\/\/citiusmuhendislik.com\/en\/wp-json\/wp\/v2\/types\/page"}],"author":[{"embeddable":true,"href":"https:\/\/citiusmuhendislik.com\/en\/wp-json\/wp\/v2\/users\/1"}],"replies":[{"embeddable":true,"href":"https:\/\/citiusmuhendislik.com\/en\/wp-json\/wp\/v2\/comments?post=2082"}],"version-history":[{"count":22,"href":"https:\/\/citiusmuhendislik.com\/en\/wp-json\/wp\/v2\/pages\/2082\/revisions"}],"predecessor-version":[{"id":2941,"href":"https:\/\/citiusmuhendislik.com\/en\/wp-json\/wp\/v2\/pages\/2082\/revisions\/2941"}],"wp:attachment":[{"href":"https:\/\/citiusmuhendislik.com\/en\/wp-json\/wp\/v2\/media?parent=2082"}],"curies":[{"name":"wp","href":"https:\/\/api.w.org\/{rel}","templated":true}]}}