{"id":2320,"date":"2025-08-03T07:50:40","date_gmt":"2025-08-03T04:50:40","guid":{"rendered":"https:\/\/tasarim2.yusufkecici.com.tr\/?page_id=2320"},"modified":"2025-08-30T22:14:49","modified_gmt":"2025-08-30T19:14:49","slug":"ergitme-dokum-hatlari","status":"publish","type":"page","link":"https:\/\/citiusmuhendislik.com\/en\/ergitme-dokum-hatlari\/","title":{"rendered":"Ergitme &#038; D\u00f6k\u00fcm Hatlar\u0131"},"content":{"rendered":"<div data-elementor-type=\"wp-page\" data-elementor-id=\"2320\" class=\"elementor elementor-2320\" data-elementor-post-type=\"page\">\n\t\t\t\t\t\t<section class=\"elementor-section elementor-top-section elementor-element elementor-element-8c3d564 elementor-section-boxed elementor-section-height-default elementor-section-height-default\" data-id=\"8c3d564\" data-element_type=\"section\" data-e-type=\"section\" data-settings=\"{&quot;background_background&quot;:&quot;classic&quot;}\">\n\t\t\t\t\t\t\t<div class=\"elementor-background-overlay\"><\/div>\n\t\t\t\t\t\t\t<div class=\"elementor-container elementor-column-gap-default\">\n\t\t\t\t\t<div class=\"elementor-column elementor-col-100 elementor-top-column elementor-element elementor-element-2d31ec8e\" data-id=\"2d31ec8e\" data-element_type=\"column\" data-e-type=\"column\">\n\t\t\t<div class=\"elementor-widget-wrap elementor-element-populated\">\n\t\t\t\t\t\t<div class=\"elementor-element elementor-element-595cfbe0 elementor-widget elementor-widget-heading\" data-id=\"595cfbe0\" data-element_type=\"widget\" data-e-type=\"widget\" data-widget_type=\"heading.default\">\n\t\t\t\t\t<h1 class=\"elementor-heading-title elementor-size-default\">Melting &amp; Casting Lines\n<\/h1>\t\t\t\t<\/div>\n\t\t\t\t\t<\/div>\n\t\t<\/div>\n\t\t\t\t\t<\/div>\n\t\t<\/section>\n\t\t<div class=\"elementor-element elementor-element-6f68f62 e-flex e-con-boxed e-con e-parent\" data-id=\"6f68f62\" data-element_type=\"container\" data-e-type=\"container\">\n\t\t\t\t\t<div class=\"e-con-inner\">\n\t\t\t\t<div class=\"elementor-element elementor-element-f3a885f elementor-align-justify elementor-widget elementor-widget-button\" data-id=\"f3a885f\" data-element_type=\"widget\" data-e-type=\"widget\" data-widget_type=\"button.default\">\n\t\t\t\t\t\t\t\t\t\t<a class=\"elementor-button elementor-button-link elementor-size-sm\" href=\"https:\/\/citiusmuhendislik.com\/wp-content\/uploads\/2025\/08\/SCMF.pdf\" target=\"_blank\">\n\t\t\t\t\t\t<span class=\"elementor-button-content-wrapper\">\n\t\t\t\t\t\t\t\t\t<span class=\"elementor-button-text\">Download Catalog<\/span>\n\t\t\t\t\t<\/span>\n\t\t\t\t\t<\/a>\n\t\t\t\t\t\t\t\t<\/div>\n\t\t\t\t\t<\/div>\n\t\t\t\t<\/div>\n\t\t<div class=\"elementor-element elementor-element-18d6d4b e-flex e-con-boxed e-con e-parent\" data-id=\"18d6d4b\" data-element_type=\"container\" data-e-type=\"container\">\n\t\t\t\t\t<div class=\"e-con-inner\">\n\t\t\t\t<div class=\"elementor-element elementor-element-6f9499b elementor-widget elementor-widget-n-accordion\" data-id=\"6f9499b\" data-element_type=\"widget\" data-e-type=\"widget\" data-settings=\"{&quot;default_state&quot;:&quot;expanded&quot;,&quot;max_items_expended&quot;:&quot;one&quot;,&quot;n_accordion_animation_duration&quot;:{&quot;unit&quot;:&quot;ms&quot;,&quot;size&quot;:400,&quot;sizes&quot;:[]}}\" data-widget_type=\"nested-accordion.default\">\n\t\t\t\t\t\t\t<div class=\"e-n-accordion\" aria-label=\"Accordion. Open links with Enter or Space, close with Escape, and navigate with Arrow Keys\">\n\t\t\t\t\t\t<details id=\"e-n-accordion-item-1170\" class=\"e-n-accordion-item\" open>\n\t\t\t\t<summary class=\"e-n-accordion-item-title\" data-accordion-index=\"1\" tabindex=\"0\" aria-expanded=\"true\" aria-controls=\"e-n-accordion-item-1170\" >\n\t\t\t\t\t<span class='e-n-accordion-item-title-header'><div class=\"e-n-accordion-item-title-text\"> Single Chamber Melting\/Holding Furnaces <\/div><\/span>\n\t\t\t\t\t\t\t<span class='e-n-accordion-item-title-icon'>\n\t\t\t<span class='e-opened' ><svg aria-hidden=\"true\" class=\"e-font-icon-svg e-fas-minus\" viewbox=\"0 0 448 512\" xmlns=\"http:\/\/www.w3.org\/2000\/svg\"><path d=\"M416 208H32c-17.67 0-32 14.33-32 32v32c0 17.67 14.33 32 32 32h384c17.67 0 32-14.33 32-32v-32c0-17.67-14.33-32-32-32z\"><\/path><\/svg><\/span>\n\t\t\t<span class='e-closed'><svg aria-hidden=\"true\" class=\"e-font-icon-svg e-fas-plus\" viewbox=\"0 0 448 512\" xmlns=\"http:\/\/www.w3.org\/2000\/svg\"><path d=\"M416 208H272V64c0-17.67-14.33-32-32-32h-32c-17.67 0-32 14.33-32 32v144H32c-17.67 0-32 14.33-32 32v32c0 17.67 14.33 32 32 32h144v144c0 17.67 14.33 32 32 32h32c17.67 0 32-14.33 32-32V304h144c17.67 0 32-14.33 32-32v-32c0-17.67-14.33-32-32-32z\"><\/path><\/svg><\/span>\n\t\t<\/span>\n\n\t\t\t\t\t\t<\/summary>\n\t\t\t\t<div role=\"region\" aria-labelledby=\"e-n-accordion-item-1170\" class=\"elementor-element elementor-element-4751cd7 e-con-full e-flex e-con e-child\" data-id=\"4751cd7\" data-element_type=\"container\" data-e-type=\"container\">\n\t\t\t\t<div class=\"elementor-element elementor-element-0218c96 elementor-widget elementor-widget-text-editor\" data-id=\"0218c96\" data-element_type=\"widget\" data-e-type=\"widget\" data-widget_type=\"text-editor.default\">\n\t\t\t\t\t\t\t\t\t<p>Single chamber melting furnaces are specially designed according to customer requests. It is used for melting primary solid aluminium &amp; scraps. It is produced as fixed or tiltable. To achieve efficient combustion, the exhaust gas temperature is used to heat the combustion air thanks to the regenerative system. In addition, it has a sealed door design that can be opened completely into the oven bath, which provides convenience in terms of cleaning, loading and maintenance. Door controls are provided hydraulically or pneumatically.<\/p><p>Capacity: 1 \u2013 150 Tons<\/p><p>Melting Rate: 2\u201320 tons\/hour<\/p><p>Energy Consumption: 500\u2013750 kWh\/Ton Al<\/p><p>Furnaces can be equipped with peripheral equipment such as scrap loading vehicles, electromagnetic stirrers, porous plug systems, laser level control systems, O<sub>2<\/sub>\u00a0injection systems.<\/p><p><img fetchpriority=\"high\" decoding=\"async\" class=\"size-medium wp-image-4297 alignleft\" src=\"https:\/\/citiusmuhendislik.com\/wp-content\/uploads\/2023\/02\/melting-casting-lines-300x225.webp\" sizes=\"(max-width: 300px) 100vw, 300px\" srcset=\"https:\/\/citiusmuhendislik.com\/wp-content\/uploads\/2023\/02\/melting-casting-lines-300x225.webp 300w, https:\/\/citiusmuhendislik.com\/wp-content\/uploads\/2023\/02\/melting-casting-lines-1024x768.webp 1024w, https:\/\/citiusmuhendislik.com\/wp-content\/uploads\/2023\/02\/melting-casting-lines-768x576.webp 768w, https:\/\/citiusmuhendislik.com\/wp-content\/uploads\/2023\/02\/melting-casting-lines-1536x1152.webp 1536w, https:\/\/citiusmuhendislik.com\/wp-content\/uploads\/2023\/02\/melting-casting-lines.webp 1600w\" alt=\"\" width=\"300\" height=\"225\" title=\"\"><\/p>\t\t\t\t\t\t\t\t<\/div>\n\t\t\t\t<\/div>\n\t\t\t\t\t<\/details>\n\t\t\t\t\t\t<details id=\"e-n-accordion-item-1171\" class=\"e-n-accordion-item\" >\n\t\t\t\t<summary class=\"e-n-accordion-item-title\" data-accordion-index=\"2\" tabindex=\"-1\" aria-expanded=\"false\" aria-controls=\"e-n-accordion-item-1171\" >\n\t\t\t\t\t<span class='e-n-accordion-item-title-header'><div class=\"e-n-accordion-item-title-text\"> Multi Chamber Melting Furnaces <\/div><\/span>\n\t\t\t\t\t\t\t<span class='e-n-accordion-item-title-icon'>\n\t\t\t<span class='e-opened' ><svg aria-hidden=\"true\" class=\"e-font-icon-svg e-fas-minus\" viewbox=\"0 0 448 512\" xmlns=\"http:\/\/www.w3.org\/2000\/svg\"><path d=\"M416 208H32c-17.67 0-32 14.33-32 32v32c0 17.67 14.33 32 32 32h384c17.67 0 32-14.33 32-32v-32c0-17.67-14.33-32-32-32z\"><\/path><\/svg><\/span>\n\t\t\t<span class='e-closed'><svg aria-hidden=\"true\" class=\"e-font-icon-svg e-fas-plus\" viewbox=\"0 0 448 512\" xmlns=\"http:\/\/www.w3.org\/2000\/svg\"><path d=\"M416 208H272V64c0-17.67-14.33-32-32-32h-32c-17.67 0-32 14.33-32 32v144H32c-17.67 0-32 14.33-32 32v32c0 17.67 14.33 32 32 32h144v144c0 17.67 14.33 32 32 32h32c17.67 0 32-14.33 32-32V304h144c17.67 0 32-14.33 32-32v-32c0-17.67-14.33-32-32-32z\"><\/path><\/svg><\/span>\n\t\t<\/span>\n\n\t\t\t\t\t\t<\/summary>\n\t\t\t\t<div role=\"region\" aria-labelledby=\"e-n-accordion-item-1171\" class=\"elementor-element elementor-element-b6c6bd6 e-con-full e-flex e-con e-child\" data-id=\"b6c6bd6\" data-element_type=\"container\" data-e-type=\"container\">\n\t\t\t\t<div class=\"elementor-element elementor-element-13d27f6 elementor-widget elementor-widget-text-editor\" data-id=\"13d27f6\" data-element_type=\"widget\" data-e-type=\"widget\" data-widget_type=\"text-editor.default\">\n\t\t\t\t\t\t\t\t\t<p>The furnace consists of 2 or 3 chambers. Chamber No. 1 is designed for charging with sows, ingots, and big bundles of scrap. The main burners are in this chamber as a source of heat for the melting process. Chamber No. 2 so called side well is a chamber designed for melting of small bundles of scrap and loose scrap. The melting process takes place with a high stream of hot molten metal created by the electromagnetic pump. System uses the waste gases as a source of heating energy.<\/p><p>These furnaces used for melting of scrap efficiently and cost-effectively at high melting rates. It is built for scrap material like painted profiles with thermal break, baled litho sheets, UBC (used beverage cans), etc. containing up to 8 percent organic compounds. The scrap chamber ramp can be charged with several batch loads. This results in a melting capacity of up 10 tons per hour with very low specific energy consumption of 500 kilowatt-hour per ton of aluminium.<\/p>\t\t\t\t\t\t\t\t<\/div>\n\t\t\t\t<\/div>\n\t\t\t\t\t<\/details>\n\t\t\t\t\t<\/div>\n\t\t\t\t\t\t<\/div>\n\t\t\t\t\t<\/div>\n\t\t\t\t<\/div>\n\t\t\t\t<\/div>","protected":false},"excerpt":{"rendered":"<p>Ergitme &amp; D\u00f6k\u00fcm Hatlar\u0131 KATALO\u011eU \u0130ND\u0130R Tek Odal\u0131 Ergitme F\u0131r\u0131nlar\u0131 Tek kamaral\u0131 ergitme f\u0131r\u0131nlar\u0131 m\u00fc\u015fteri isteklerine g\u00f6re \u00f6zel olarak tasarlanmaktad\u0131r. Bu f\u0131r\u0131nlar k\u00fcl\u00e7e, ingot ve hurdalar\u0131 ergitme i\u00e7in kullan\u0131l\u0131r. Sabit veya devrilebilir olarak \u00fcretilmektedirler. Rejeneratif sistemler ile egzoz gaz\u0131 s\u0131cakl\u0131\u011f\u0131 ile yanma i\u00e7in kullan\u0131lan hava \u0131s\u0131t\u0131larak daha verimli bir yanma elde edilmektedir. Ek olarak, \u00a0temizlik, [&hellip;]<\/p>\n","protected":false},"author":1,"featured_media":0,"parent":0,"menu_order":0,"comment_status":"closed","ping_status":"closed","template":"","meta":{"footnotes":""},"class_list":["post-2320","page","type-page","status-publish","hentry"],"_links":{"self":[{"href":"https:\/\/citiusmuhendislik.com\/en\/wp-json\/wp\/v2\/pages\/2320","targetHints":{"allow":["GET"]}}],"collection":[{"href":"https:\/\/citiusmuhendislik.com\/en\/wp-json\/wp\/v2\/pages"}],"about":[{"href":"https:\/\/citiusmuhendislik.com\/en\/wp-json\/wp\/v2\/types\/page"}],"author":[{"embeddable":true,"href":"https:\/\/citiusmuhendislik.com\/en\/wp-json\/wp\/v2\/users\/1"}],"replies":[{"embeddable":true,"href":"https:\/\/citiusmuhendislik.com\/en\/wp-json\/wp\/v2\/comments?post=2320"}],"version-history":[{"count":21,"href":"https:\/\/citiusmuhendislik.com\/en\/wp-json\/wp\/v2\/pages\/2320\/revisions"}],"predecessor-version":[{"id":2852,"href":"https:\/\/citiusmuhendislik.com\/en\/wp-json\/wp\/v2\/pages\/2320\/revisions\/2852"}],"wp:attachment":[{"href":"https:\/\/citiusmuhendislik.com\/en\/wp-json\/wp\/v2\/media?parent=2320"}],"curies":[{"name":"wp","href":"https:\/\/api.w.org\/{rel}","templated":true}]}}