{"id":2327,"date":"2025-08-03T07:59:18","date_gmt":"2025-08-03T04:59:18","guid":{"rendered":"https:\/\/tasarim2.yusufkecici.com.tr\/?page_id=2327"},"modified":"2025-08-31T15:02:54","modified_gmt":"2025-08-31T12:02:54","slug":"homojenizasyon-merkezi","status":"publish","type":"page","link":"https:\/\/citiusmuhendislik.com\/en\/homojenizasyon-merkezi\/","title":{"rendered":"Homogenising Center"},"content":{"rendered":"<div data-elementor-type=\"wp-page\" data-elementor-id=\"2327\" class=\"elementor elementor-2327\" data-elementor-post-type=\"page\">\n\t\t\t\t\t\t<section class=\"elementor-section elementor-top-section elementor-element elementor-element-8c3d564 elementor-section-boxed elementor-section-height-default elementor-section-height-default\" data-id=\"8c3d564\" data-element_type=\"section\" data-e-type=\"section\" data-settings=\"{&quot;background_background&quot;:&quot;classic&quot;}\">\n\t\t\t\t\t\t\t<div class=\"elementor-background-overlay\"><\/div>\n\t\t\t\t\t\t\t<div class=\"elementor-container elementor-column-gap-default\">\n\t\t\t\t\t<div class=\"elementor-column elementor-col-100 elementor-top-column elementor-element elementor-element-2d31ec8e\" data-id=\"2d31ec8e\" data-element_type=\"column\" data-e-type=\"column\">\n\t\t\t<div class=\"elementor-widget-wrap elementor-element-populated\">\n\t\t\t\t\t\t<div class=\"elementor-element elementor-element-595cfbe0 elementor-widget elementor-widget-heading\" data-id=\"595cfbe0\" data-element_type=\"widget\" data-e-type=\"widget\" data-widget_type=\"heading.default\">\n\t\t\t\t\t<h1 class=\"elementor-heading-title elementor-size-default\">Homogenising Centers<\/h1>\t\t\t\t<\/div>\n\t\t\t\t\t<\/div>\n\t\t<\/div>\n\t\t\t\t\t<\/div>\n\t\t<\/section>\n\t\t<div class=\"elementor-element elementor-element-26be642 e-flex e-con-boxed e-con e-parent\" data-id=\"26be642\" data-element_type=\"container\" data-e-type=\"container\">\n\t\t\t\t\t<div class=\"e-con-inner\">\n\t\t\t\t<div class=\"elementor-element elementor-element-7db0b18 elementor-align-justify elementor-widget elementor-widget-button\" data-id=\"7db0b18\" data-element_type=\"widget\" data-e-type=\"widget\" data-widget_type=\"button.default\">\n\t\t\t\t\t\t\t\t\t\t<a class=\"elementor-button elementor-button-link elementor-size-sm\" href=\"https:\/\/citiusmuhendislik.com\/wp-content\/uploads\/2025\/08\/BTHF.pdf\" target=\"_blank\">\n\t\t\t\t\t\t<span class=\"elementor-button-content-wrapper\">\n\t\t\t\t\t\t\t\t\t<span class=\"elementor-button-text\">Download Catalog<\/span>\n\t\t\t\t\t<\/span>\n\t\t\t\t\t<\/a>\n\t\t\t\t\t\t\t\t<\/div>\n\t\t\t\t\t<\/div>\n\t\t\t\t<\/div>\n\t\t<div class=\"elementor-element elementor-element-18d6d4b e-flex e-con-boxed e-con e-parent\" data-id=\"18d6d4b\" data-element_type=\"container\" data-e-type=\"container\">\n\t\t\t\t\t<div class=\"e-con-inner\">\n\t\t\t\t<div class=\"elementor-element elementor-element-6f9499b elementor-widget elementor-widget-n-accordion\" data-id=\"6f9499b\" data-element_type=\"widget\" data-e-type=\"widget\" data-settings=\"{&quot;default_state&quot;:&quot;expanded&quot;,&quot;max_items_expended&quot;:&quot;one&quot;,&quot;n_accordion_animation_duration&quot;:{&quot;unit&quot;:&quot;ms&quot;,&quot;size&quot;:400,&quot;sizes&quot;:[]}}\" data-widget_type=\"nested-accordion.default\">\n\t\t\t\t\t\t\t<div class=\"e-n-accordion\" aria-label=\"Accordion. Open links with Enter or Space, close with Escape, and navigate with Arrow Keys\">\n\t\t\t\t\t\t<details id=\"e-n-accordion-item-1170\" class=\"e-n-accordion-item\" open>\n\t\t\t\t<summary class=\"e-n-accordion-item-title\" data-accordion-index=\"1\" tabindex=\"0\" aria-expanded=\"true\" aria-controls=\"e-n-accordion-item-1170\" >\n\t\t\t\t\t<span class='e-n-accordion-item-title-header'><div class=\"e-n-accordion-item-title-text\"> Batch Type Homogenizing Furnaces <\/div><\/span>\n\t\t\t\t\t\t\t<span class='e-n-accordion-item-title-icon'>\n\t\t\t<span class='e-opened' ><svg aria-hidden=\"true\" class=\"e-font-icon-svg e-fas-minus\" viewbox=\"0 0 448 512\" xmlns=\"http:\/\/www.w3.org\/2000\/svg\"><path d=\"M416 208H32c-17.67 0-32 14.33-32 32v32c0 17.67 14.33 32 32 32h384c17.67 0 32-14.33 32-32v-32c0-17.67-14.33-32-32-32z\"><\/path><\/svg><\/span>\n\t\t\t<span class='e-closed'><svg aria-hidden=\"true\" class=\"e-font-icon-svg e-fas-plus\" viewbox=\"0 0 448 512\" xmlns=\"http:\/\/www.w3.org\/2000\/svg\"><path d=\"M416 208H272V64c0-17.67-14.33-32-32-32h-32c-17.67 0-32 14.33-32 32v144H32c-17.67 0-32 14.33-32 32v32c0 17.67 14.33 32 32 32h144v144c0 17.67 14.33 32 32 32h32c17.67 0 32-14.33 32-32V304h144c17.67 0 32-14.33 32-32v-32c0-17.67-14.33-32-32-32z\"><\/path><\/svg><\/span>\n\t\t<\/span>\n\n\t\t\t\t\t\t<\/summary>\n\t\t\t\t<div role=\"region\" aria-labelledby=\"e-n-accordion-item-1170\" class=\"elementor-element elementor-element-4751cd7 e-con-full e-flex e-con e-child\" data-id=\"4751cd7\" data-element_type=\"container\" data-e-type=\"container\">\n\t\t\t\t<div class=\"elementor-element elementor-element-0218c96 elementor-widget elementor-widget-text-editor\" data-id=\"0218c96\" data-element_type=\"widget\" data-e-type=\"widget\" data-widget_type=\"text-editor.default\">\n\t\t\t\t\t\t\t\t\t<p>Batch homogenizing furnaces are designed with one directional airflow mainly. The new generation CitiUS batch furnaces are designed with reversed air flow which reduces temperature deviation between outer and inner logs and gives fast heating of the logs.<\/p><p>In addition to logs (round ingots), slabs can also be homogenized in this type of furnaces.<\/p><p>Capacity of the furnaces varie from 10 to 100 tons\/batch<\/p><p>Some of the distinguishing features of CitiUS furnaces are as following:<\/p><ul><li>Much better temperature homogeneity<\/li><li>Suitable for all ingot shapes<\/li><li>Faster heating-up rates<\/li><li>Lower energy consumption<\/li><li>Higher flexibility, even for highly variable groupings of ingots in each batch<\/li><li>Economically expandable, without additional handling systems<\/li><li>Extremely reliable operation, little down-time, low maintenance and repair costs<\/li><li>Low labour costs, full automation<\/li><\/ul><p>\u00a0<\/p><p>The facility can be implemented to comply with the standards required by the automotive (CQI-9) and aerospace (AMS 2750) industry.<\/p>\t\t\t\t\t\t\t\t<\/div>\n\t\t\t\t<\/div>\n\t\t\t\t\t<\/details>\n\t\t\t\t\t\t<details id=\"e-n-accordion-item-1171\" class=\"e-n-accordion-item\" >\n\t\t\t\t<summary class=\"e-n-accordion-item-title\" data-accordion-index=\"2\" tabindex=\"-1\" aria-expanded=\"false\" aria-controls=\"e-n-accordion-item-1171\" >\n\t\t\t\t\t<span class='e-n-accordion-item-title-header'><div class=\"e-n-accordion-item-title-text\"> Continuous Type Homogenizing Furnaces <\/div><\/span>\n\t\t\t\t\t\t\t<span class='e-n-accordion-item-title-icon'>\n\t\t\t<span class='e-opened' ><svg aria-hidden=\"true\" class=\"e-font-icon-svg e-fas-minus\" viewbox=\"0 0 448 512\" xmlns=\"http:\/\/www.w3.org\/2000\/svg\"><path d=\"M416 208H32c-17.67 0-32 14.33-32 32v32c0 17.67 14.33 32 32 32h384c17.67 0 32-14.33 32-32v-32c0-17.67-14.33-32-32-32z\"><\/path><\/svg><\/span>\n\t\t\t<span class='e-closed'><svg aria-hidden=\"true\" class=\"e-font-icon-svg e-fas-plus\" viewbox=\"0 0 448 512\" xmlns=\"http:\/\/www.w3.org\/2000\/svg\"><path d=\"M416 208H272V64c0-17.67-14.33-32-32-32h-32c-17.67 0-32 14.33-32 32v144H32c-17.67 0-32 14.33-32 32v32c0 17.67 14.33 32 32 32h144v144c0 17.67 14.33 32 32 32h32c17.67 0 32-14.33 32-32V304h144c17.67 0 32-14.33 32-32v-32c0-17.67-14.33-32-32-32z\"><\/path><\/svg><\/span>\n\t\t<\/span>\n\n\t\t\t\t\t\t<\/summary>\n\t\t\t\t<div role=\"region\" aria-labelledby=\"e-n-accordion-item-1171\" class=\"elementor-element elementor-element-b6c6bd6 e-con-full e-flex e-con e-child\" data-id=\"b6c6bd6\" data-element_type=\"container\" data-e-type=\"container\">\n\t\t\t\t<div class=\"elementor-element elementor-element-13d27f6 elementor-widget elementor-widget-text-editor\" data-id=\"13d27f6\" data-element_type=\"widget\" data-e-type=\"widget\" data-widget_type=\"text-editor.default\">\n\t\t\t\t\t\t\t\t\t<p>These are fully automatic systems developed for aluminium billets to achieve the desired mechanical properties after casting. In the working style of automatic systems, the billets after casting are cut on the saw and laid down on the loading station. Billets in the loading area are placed in the homogenization furnace with the help of a loading systems. Thanks to the heat and air flow controlled in the furnace, the desired homogeneous heat distribution is achieved with a tolerance of \u00b1 3 \u00b0 C, and the production of billet of equal quality up to 8000 mm is ensured. After the homogenization process, the billets are transferred to the cooling chamber and cooled down with rate sup to 1000 \u00b0C \/ hour cooling rates then they are weighted and packed automatically. The fully automatic process saves almost half time compared to conventional systems. System equipment: Complete billet loading system, billet transfer conveyor, saw, ultrasonic control system, transfer car, oven billet loading conveyor, continuous homogenization oven, continuous rapid billet cooling cabinet, cooling cabinet output conveyor, automatic\/semi-automatic strapping machines and marking machine.<\/p><p>Capacity of the furnace varies from 2 to 15 tons\/hour.<\/p><p>Reliable, best homogenizing quality, uniform for all billets<\/p><p>Most economical homogenization for mainstream 6000 series alloys<\/p><p>Lowest labour costs, full automation<\/p><p>Best log straightness, no deep surface marks<\/p><p>Extremely reliable operation, little down-time, low maintenance and repair costs<\/p><p>Lowest energy consumption, low power ratings<\/p><p>Flexibility of plant layout<\/p><p>Process data log for each individual billet<\/p>\t\t\t\t\t\t\t\t<\/div>\n\t\t\t\t<\/div>\n\t\t\t\t\t<\/details>\n\t\t\t\t\t\t<details id=\"e-n-accordion-item-1172\" class=\"e-n-accordion-item\" >\n\t\t\t\t<summary class=\"e-n-accordion-item-title\" data-accordion-index=\"3\" tabindex=\"-1\" aria-expanded=\"false\" aria-controls=\"e-n-accordion-item-1172\" >\n\t\t\t\t\t<span class='e-n-accordion-item-title-header'><div class=\"e-n-accordion-item-title-text\"> Saw and Chip Collection Systems <\/div><\/span>\n\t\t\t\t\t\t\t<span class='e-n-accordion-item-title-icon'>\n\t\t\t<span class='e-opened' ><svg aria-hidden=\"true\" class=\"e-font-icon-svg e-fas-minus\" viewbox=\"0 0 448 512\" xmlns=\"http:\/\/www.w3.org\/2000\/svg\"><path d=\"M416 208H32c-17.67 0-32 14.33-32 32v32c0 17.67 14.33 32 32 32h384c17.67 0 32-14.33 32-32v-32c0-17.67-14.33-32-32-32z\"><\/path><\/svg><\/span>\n\t\t\t<span class='e-closed'><svg aria-hidden=\"true\" class=\"e-font-icon-svg e-fas-plus\" viewbox=\"0 0 448 512\" xmlns=\"http:\/\/www.w3.org\/2000\/svg\"><path d=\"M416 208H272V64c0-17.67-14.33-32-32-32h-32c-17.67 0-32 14.33-32 32v144H32c-17.67 0-32 14.33-32 32v32c0 17.67 14.33 32 32 32h144v144c0 17.67 14.33 32 32 32h32c17.67 0 32-14.33 32-32V304h144c17.67 0 32-14.33 32-32v-32c0-17.67-14.33-32-32-32z\"><\/path><\/svg><\/span>\n\t\t<\/span>\n\n\t\t\t\t\t\t<\/summary>\n\t\t\t\t<div role=\"region\" aria-labelledby=\"e-n-accordion-item-1172\" class=\"elementor-element elementor-element-d329d87 e-con-full e-flex e-con e-child\" data-id=\"d329d87\" data-element_type=\"container\" data-e-type=\"container\">\n\t\t\t\t<div class=\"elementor-element elementor-element-9ecd94b elementor-widget elementor-widget-text-editor\" data-id=\"9ecd94b\" data-element_type=\"widget\" data-e-type=\"widget\" data-widget_type=\"text-editor.default\">\n\t\t\t\t\t\t\t\t\t<div class=\"elementor-toggle-item\"><div id=\"elementor-tab-content-2333\" class=\"elementor-tab-content elementor-clearfix elementor-active\" role=\"region\" data-tab=\"3\" aria-labelledby=\"elementor-tab-title-2333\"><p>Please contact us for detailed information.<\/p><\/div><\/div><div class=\"elementor-toggle-item\"><h3 id=\"elementor-tab-title-2334\" class=\"elementor-tab-title elementor-active\" tabindex=\"0\" role=\"button\" data-tab=\"4\" aria-controls=\"elementor-tab-content-2334\" aria-expanded=\"true\" aria-selected=\"true\">\u00a0<\/h3><\/div>\t\t\t\t\t\t\t\t<\/div>\n\t\t\t\t<\/div>\n\t\t\t\t\t<\/details>\n\t\t\t\t\t\t<details id=\"e-n-accordion-item-1173\" class=\"e-n-accordion-item\" >\n\t\t\t\t<summary class=\"e-n-accordion-item-title\" data-accordion-index=\"4\" tabindex=\"-1\" aria-expanded=\"false\" aria-controls=\"e-n-accordion-item-1173\" >\n\t\t\t\t\t<span class='e-n-accordion-item-title-header'><div class=\"e-n-accordion-item-title-text\"> Automatic Stacking\/Packaging Systems <\/div><\/span>\n\t\t\t\t\t\t\t<span class='e-n-accordion-item-title-icon'>\n\t\t\t<span class='e-opened' ><svg aria-hidden=\"true\" class=\"e-font-icon-svg e-fas-minus\" viewbox=\"0 0 448 512\" xmlns=\"http:\/\/www.w3.org\/2000\/svg\"><path d=\"M416 208H32c-17.67 0-32 14.33-32 32v32c0 17.67 14.33 32 32 32h384c17.67 0 32-14.33 32-32v-32c0-17.67-14.33-32-32-32z\"><\/path><\/svg><\/span>\n\t\t\t<span class='e-closed'><svg aria-hidden=\"true\" class=\"e-font-icon-svg e-fas-plus\" viewbox=\"0 0 448 512\" xmlns=\"http:\/\/www.w3.org\/2000\/svg\"><path d=\"M416 208H272V64c0-17.67-14.33-32-32-32h-32c-17.67 0-32 14.33-32 32v144H32c-17.67 0-32 14.33-32 32v32c0 17.67 14.33 32 32 32h144v144c0 17.67 14.33 32 32 32h32c17.67 0 32-14.33 32-32V304h144c17.67 0 32-14.33 32-32v-32c0-17.67-14.33-32-32-32z\"><\/path><\/svg><\/span>\n\t\t<\/span>\n\n\t\t\t\t\t\t<\/summary>\n\t\t\t\t<div role=\"region\" aria-labelledby=\"e-n-accordion-item-1173\" class=\"elementor-element elementor-element-3a68c0b e-con-full e-flex e-con e-child\" data-id=\"3a68c0b\" data-element_type=\"container\" data-e-type=\"container\">\n\t\t\t\t<div class=\"elementor-element elementor-element-18f3299 elementor-widget elementor-widget-text-editor\" data-id=\"18f3299\" data-element_type=\"widget\" data-e-type=\"widget\" data-widget_type=\"text-editor.default\">\n\t\t\t\t\t\t\t\t\t<div class=\"elementor-toggle-item\"><div id=\"elementor-tab-content-2333\" class=\"elementor-tab-content elementor-clearfix elementor-active\" role=\"region\" data-tab=\"3\" aria-labelledby=\"elementor-tab-title-2333\"><p>Please contact us for detailed information.<\/p><\/div><\/div><div class=\"elementor-toggle-item\"><h3 id=\"elementor-tab-title-2334\" class=\"elementor-tab-title elementor-active\" tabindex=\"0\" role=\"button\" data-tab=\"4\" aria-controls=\"elementor-tab-content-2334\" aria-expanded=\"true\" aria-selected=\"true\">\u00a0<\/h3><\/div>\t\t\t\t\t\t\t\t<\/div>\n\t\t\t\t<\/div>\n\t\t\t\t\t<\/details>\n\t\t\t\t\t<\/div>\n\t\t\t\t\t\t<\/div>\n\t\t\t\t\t<\/div>\n\t\t\t\t<\/div>\n\t\t\t\t<\/div>","protected":false},"excerpt":{"rendered":"<p>Homojenizasyon Merkezleri KATALO\u011eU \u0130ND\u0130R Kamara Tip Homojenizasyon F\u0131r\u0131nlar\u0131 Kamara tip homojenizasyon f\u0131r\u0131nlar\u0131, esas olarak tek y\u00f6nl\u00fc hava ak\u0131\u015f\u0131 tekni\u011fi ile tasarlanm\u0131\u015ft\u0131r. Yeni nesil CitiUS kamara tip homojenizasyon f\u0131r\u0131nlar\u0131, d\u0131\u015f ve i\u00e7 k\u00fct\u00fckler aras\u0131ndaki s\u0131cakl\u0131k sapmas\u0131n\u0131 azaltan ve k\u00fct\u00fcklerin h\u0131zl\u0131 \u0131s\u0131nmas\u0131n\u0131 sa\u011flayan ters hava ak\u0131\u015f\u0131 tekni\u011fi ile \u00e7al\u0131\u015fmaktad\u0131r. Bu tip f\u0131r\u0131nlarda k\u00fct\u00fcklere (yuvarlak) ek olarak, slab [&hellip;]<\/p>\n","protected":false},"author":1,"featured_media":0,"parent":0,"menu_order":0,"comment_status":"closed","ping_status":"closed","template":"","meta":{"footnotes":""},"class_list":["post-2327","page","type-page","status-publish","hentry"],"_links":{"self":[{"href":"https:\/\/citiusmuhendislik.com\/en\/wp-json\/wp\/v2\/pages\/2327","targetHints":{"allow":["GET"]}}],"collection":[{"href":"https:\/\/citiusmuhendislik.com\/en\/wp-json\/wp\/v2\/pages"}],"about":[{"href":"https:\/\/citiusmuhendislik.com\/en\/wp-json\/wp\/v2\/types\/page"}],"author":[{"embeddable":true,"href":"https:\/\/citiusmuhendislik.com\/en\/wp-json\/wp\/v2\/users\/1"}],"replies":[{"embeddable":true,"href":"https:\/\/citiusmuhendislik.com\/en\/wp-json\/wp\/v2\/comments?post=2327"}],"version-history":[{"count":20,"href":"https:\/\/citiusmuhendislik.com\/en\/wp-json\/wp\/v2\/pages\/2327\/revisions"}],"predecessor-version":[{"id":2883,"href":"https:\/\/citiusmuhendislik.com\/en\/wp-json\/wp\/v2\/pages\/2327\/revisions\/2883"}],"wp:attachment":[{"href":"https:\/\/citiusmuhendislik.com\/en\/wp-json\/wp\/v2\/media?parent=2327"}],"curies":[{"name":"wp","href":"https:\/\/api.w.org\/{rel}","templated":true}]}}