{"id":2597,"date":"2025-08-22T16:51:26","date_gmt":"2025-08-22T13:51:26","guid":{"rendered":"https:\/\/citius.wptasarimajansi.com.tr\/?page_id=2597"},"modified":"2025-08-30T22:09:05","modified_gmt":"2025-08-30T19:09:05","slug":"hurda-yukleme-arabasi","status":"publish","type":"page","link":"https:\/\/citiusmuhendislik.com\/en\/hurda-yukleme-arabasi\/","title":{"rendered":"Scrap Charging Cars"},"content":{"rendered":"<div data-elementor-type=\"wp-page\" data-elementor-id=\"2597\" class=\"elementor elementor-2597\" data-elementor-post-type=\"page\">\n\t\t\t\t\t\t<section class=\"elementor-section elementor-top-section elementor-element elementor-element-8c3d564 elementor-section-boxed elementor-section-height-default elementor-section-height-default\" data-id=\"8c3d564\" data-element_type=\"section\" data-e-type=\"section\" data-settings=\"{&quot;background_background&quot;:&quot;classic&quot;}\">\n\t\t\t\t\t\t\t<div class=\"elementor-background-overlay\"><\/div>\n\t\t\t\t\t\t\t<div class=\"elementor-container elementor-column-gap-default\">\n\t\t\t\t\t<div class=\"elementor-column elementor-col-100 elementor-top-column elementor-element elementor-element-2d31ec8e\" data-id=\"2d31ec8e\" data-element_type=\"column\" data-e-type=\"column\">\n\t\t\t<div class=\"elementor-widget-wrap elementor-element-populated\">\n\t\t\t\t\t\t<div class=\"elementor-element elementor-element-595cfbe0 elementor-widget elementor-widget-heading\" data-id=\"595cfbe0\" data-element_type=\"widget\" data-e-type=\"widget\" data-widget_type=\"heading.default\">\n\t\t\t\t\t<h1 class=\"elementor-heading-title elementor-size-default\">Scrap Charging Cars<\/h1>\t\t\t\t<\/div>\n\t\t\t\t\t<\/div>\n\t\t<\/div>\n\t\t\t\t\t<\/div>\n\t\t<\/section>\n\t\t<div class=\"elementor-element elementor-element-cf1cb27 e-flex e-con-boxed e-con e-parent\" data-id=\"cf1cb27\" data-element_type=\"container\" data-e-type=\"container\">\n\t\t\t\t\t<div class=\"e-con-inner\">\n\t\t\t\t<div class=\"elementor-element elementor-element-943163e elementor-align-justify elementor-widget elementor-widget-button\" data-id=\"943163e\" data-element_type=\"widget\" data-e-type=\"widget\" data-widget_type=\"button.default\">\n\t\t\t\t\t\t\t\t\t\t<a class=\"elementor-button elementor-button-link elementor-size-sm\" href=\"https:\/\/citiusmuhendislik.com\/wp-content\/uploads\/2025\/08\/SCC.pdf\" target=\"_blank\">\n\t\t\t\t\t\t<span class=\"elementor-button-content-wrapper\">\n\t\t\t\t\t\t\t\t\t<span class=\"elementor-button-text\">Download Catalog<\/span>\n\t\t\t\t\t<\/span>\n\t\t\t\t\t<\/a>\n\t\t\t\t\t\t\t\t<\/div>\n\t\t\t\t\t<\/div>\n\t\t\t\t<\/div>\n\t\t<div class=\"elementor-element elementor-element-18d6d4b e-flex e-con-boxed e-con e-parent\" data-id=\"18d6d4b\" data-element_type=\"container\" data-e-type=\"container\">\n\t\t\t\t\t<div class=\"e-con-inner\">\n\t\t\t\t<div class=\"elementor-element elementor-element-6f9499b elementor-widget elementor-widget-n-accordion\" data-id=\"6f9499b\" data-element_type=\"widget\" data-e-type=\"widget\" data-settings=\"{&quot;default_state&quot;:&quot;expanded&quot;,&quot;max_items_expended&quot;:&quot;one&quot;,&quot;n_accordion_animation_duration&quot;:{&quot;unit&quot;:&quot;ms&quot;,&quot;size&quot;:400,&quot;sizes&quot;:[]}}\" data-widget_type=\"nested-accordion.default\">\n\t\t\t\t\t\t\t<div class=\"e-n-accordion\" aria-label=\"Accordion. Open links with Enter or Space, close with Escape, and navigate with Arrow Keys\">\n\t\t\t\t\t\t<details id=\"e-n-accordion-item-1170\" class=\"e-n-accordion-item\" open>\n\t\t\t\t<summary class=\"e-n-accordion-item-title\" data-accordion-index=\"1\" tabindex=\"0\" aria-expanded=\"true\" aria-controls=\"e-n-accordion-item-1170\" >\n\t\t\t\t\t<span class='e-n-accordion-item-title-header'><div class=\"e-n-accordion-item-title-text\"> Transfer Cars <\/div><\/span>\n\t\t\t\t\t\t\t<span class='e-n-accordion-item-title-icon'>\n\t\t\t<span class='e-opened' ><svg aria-hidden=\"true\" class=\"e-font-icon-svg e-fas-minus\" viewbox=\"0 0 448 512\" xmlns=\"http:\/\/www.w3.org\/2000\/svg\"><path d=\"M416 208H32c-17.67 0-32 14.33-32 32v32c0 17.67 14.33 32 32 32h384c17.67 0 32-14.33 32-32v-32c0-17.67-14.33-32-32-32z\"><\/path><\/svg><\/span>\n\t\t\t<span class='e-closed'><svg aria-hidden=\"true\" class=\"e-font-icon-svg e-fas-plus\" viewbox=\"0 0 448 512\" xmlns=\"http:\/\/www.w3.org\/2000\/svg\"><path d=\"M416 208H272V64c0-17.67-14.33-32-32-32h-32c-17.67 0-32 14.33-32 32v144H32c-17.67 0-32 14.33-32 32v32c0 17.67 14.33 32 32 32h144v144c0 17.67 14.33 32 32 32h32c17.67 0 32-14.33 32-32V304h144c17.67 0 32-14.33 32-32v-32c0-17.67-14.33-32-32-32z\"><\/path><\/svg><\/span>\n\t\t<\/span>\n\n\t\t\t\t\t\t<\/summary>\n\t\t\t\t<div role=\"region\" aria-labelledby=\"e-n-accordion-item-1170\" class=\"elementor-element elementor-element-d329d87 e-con-full e-flex e-con e-child\" data-id=\"d329d87\" data-element_type=\"container\" data-e-type=\"container\">\n\t\t\t\t<div class=\"elementor-element elementor-element-9ecd94b elementor-widget elementor-widget-text-editor\" data-id=\"9ecd94b\" data-element_type=\"widget\" data-e-type=\"widget\" data-widget_type=\"text-editor.default\">\n\t\t\t\t\t\t\t\t\t<div class=\"elementor-toggle-item\"><div id=\"elementor-tab-content-2333\" class=\"elementor-tab-content elementor-clearfix elementor-active\" role=\"region\" data-tab=\"3\" aria-labelledby=\"elementor-tab-title-2333\"><p>A proper charging process increases efficiency in melting furnaces. At CitiUS Engineering, we design scrap loading carts according to customer requirements, shortening cycle times and maximizing aluminum recovery.<\/p><ul><li>Chips, packaged scrap, off-spec profiles, ingots<\/li><li>Capacity: Between 2 and 20 tons<\/li><li>Versatile charging carts, rotary charging cars<\/li><\/ul><\/div><\/div><div class=\"elementor-toggle-item\"><h3 id=\"elementor-tab-title-2334\" class=\"elementor-tab-title elementor-active\" tabindex=\"0\" role=\"button\" data-tab=\"4\" aria-controls=\"elementor-tab-content-2334\" aria-expanded=\"true\" aria-selected=\"true\">\u00a0<\/h3><\/div>\t\t\t\t\t\t\t\t<\/div>\n\t\t\t\t<\/div>\n\t\t\t\t\t<\/details>\n\t\t\t\t\t<\/div>\n\t\t\t\t\t\t<\/div>\n\t\t\t\t\t<\/div>\n\t\t\t\t<\/div>\n\t\t\t\t<\/div>","protected":false},"excerpt":{"rendered":"<p>Hurda Y\u00fckleme Arabalar\u0131 KATALO\u011eU \u0130ND\u0130R Y\u00fckleme Arabalar\u0131 \u0130yi bir \u015farj i\u015flemi ergitme f\u0131r\u0131nlar\u0131nda verimlili\u011fi art\u0131r\u0131r. CitiUS M\u00fchendislik olarak hurda y\u00fckleme arabalar\u0131n\u0131 m\u00fc\u015fteri isteklerine g\u00f6re tasarlayarak \u00e7evrim s\u00fcrelerini k\u0131salt\u0131yor ve al\u00fcminyum geri kazan\u0131m\u0131n\u0131 maksimize ediyoruz. Tala\u015flar, paketlenmi\u015f hurdalar, avare profiller, ingotlar Kapasite: 2 ile 20 ton aras\u0131nda \u00c7ok y\u00f6nl\u00fc \u015farj arabalar\u0131, d\u00f6nen \u015farj arabalar\u0131 \u00a0 \u0130yi [&hellip;]<\/p>\n","protected":false},"author":1,"featured_media":0,"parent":0,"menu_order":0,"comment_status":"closed","ping_status":"closed","template":"","meta":{"footnotes":""},"class_list":["post-2597","page","type-page","status-publish","hentry"],"_links":{"self":[{"href":"https:\/\/citiusmuhendislik.com\/en\/wp-json\/wp\/v2\/pages\/2597","targetHints":{"allow":["GET"]}}],"collection":[{"href":"https:\/\/citiusmuhendislik.com\/en\/wp-json\/wp\/v2\/pages"}],"about":[{"href":"https:\/\/citiusmuhendislik.com\/en\/wp-json\/wp\/v2\/types\/page"}],"author":[{"embeddable":true,"href":"https:\/\/citiusmuhendislik.com\/en\/wp-json\/wp\/v2\/users\/1"}],"replies":[{"embeddable":true,"href":"https:\/\/citiusmuhendislik.com\/en\/wp-json\/wp\/v2\/comments?post=2597"}],"version-history":[{"count":17,"href":"https:\/\/citiusmuhendislik.com\/en\/wp-json\/wp\/v2\/pages\/2597\/revisions"}],"predecessor-version":[{"id":2849,"href":"https:\/\/citiusmuhendislik.com\/en\/wp-json\/wp\/v2\/pages\/2597\/revisions\/2849"}],"wp:attachment":[{"href":"https:\/\/citiusmuhendislik.com\/en\/wp-json\/wp\/v2\/media?parent=2597"}],"curies":[{"name":"wp","href":"https:\/\/api.w.org\/{rel}","templated":true}]}}