{"id":2612,"date":"2025-08-22T16:58:49","date_gmt":"2025-08-22T13:58:49","guid":{"rendered":"https:\/\/citius.wptasarimajansi.com.tr\/?page_id=2612"},"modified":"2025-10-20T15:15:45","modified_gmt":"2025-10-20T12:15:45","slug":"aluminyum-ekstruzyon-firinlari","status":"publish","type":"page","link":"https:\/\/citiusmuhendislik.com\/en\/aluminyum-ekstruzyon-firinlari\/","title":{"rendered":"Aluminum Extrusion Furnaces"},"content":{"rendered":"<div data-elementor-type=\"wp-page\" data-elementor-id=\"2612\" class=\"elementor elementor-2612\" data-elementor-post-type=\"page\">\n\t\t\t\t\t\t<section class=\"elementor-section elementor-top-section elementor-element elementor-element-8c3d564 elementor-section-boxed elementor-section-height-default elementor-section-height-default\" data-id=\"8c3d564\" data-element_type=\"section\" data-e-type=\"section\" data-settings=\"{&quot;background_background&quot;:&quot;classic&quot;}\">\n\t\t\t\t\t\t\t<div class=\"elementor-background-overlay\"><\/div>\n\t\t\t\t\t\t\t<div class=\"elementor-container elementor-column-gap-default\">\n\t\t\t\t\t<div class=\"elementor-column elementor-col-100 elementor-top-column elementor-element elementor-element-2d31ec8e\" data-id=\"2d31ec8e\" data-element_type=\"column\" data-e-type=\"column\">\n\t\t\t<div class=\"elementor-widget-wrap elementor-element-populated\">\n\t\t\t\t\t\t<div class=\"elementor-element elementor-element-595cfbe0 elementor-widget elementor-widget-heading\" data-id=\"595cfbe0\" data-element_type=\"widget\" data-e-type=\"widget\" data-widget_type=\"heading.default\">\n\t\t\t\t\t<h1 class=\"elementor-heading-title elementor-size-default\">Aluminum Extrusion Furnaces<\/h1>\t\t\t\t<\/div>\n\t\t\t\t\t<\/div>\n\t\t<\/div>\n\t\t\t\t\t<\/div>\n\t\t<\/section>\n\t\t<div class=\"elementor-element elementor-element-13df8f5 e-flex e-con-boxed e-con e-parent\" data-id=\"13df8f5\" data-element_type=\"container\" data-e-type=\"container\">\n\t\t\t\t\t<div class=\"e-con-inner\">\n\t\t\t\t<div class=\"elementor-element elementor-element-100a1ff elementor-widget elementor-widget-n-accordion\" data-id=\"100a1ff\" data-element_type=\"widget\" data-e-type=\"widget\" data-settings=\"{&quot;default_state&quot;:&quot;expanded&quot;,&quot;max_items_expended&quot;:&quot;one&quot;,&quot;n_accordion_animation_duration&quot;:{&quot;unit&quot;:&quot;ms&quot;,&quot;size&quot;:400,&quot;sizes&quot;:[]}}\" data-widget_type=\"nested-accordion.default\">\n\t\t\t\t\t\t\t<div class=\"e-n-accordion\" aria-label=\"Accordion. Open links with Enter or Space, close with Escape, and navigate with Arrow Keys\">\n\t\t\t\t\t\t<details id=\"e-n-accordion-item-1680\" class=\"e-n-accordion-item\" open>\n\t\t\t\t<summary class=\"e-n-accordion-item-title\" data-accordion-index=\"1\" tabindex=\"0\" aria-expanded=\"true\" aria-controls=\"e-n-accordion-item-1680\" >\n\t\t\t\t\t<span class='e-n-accordion-item-title-header'><div class=\"e-n-accordion-item-title-text\"> Aging Ovens <\/div><\/span>\n\t\t\t\t\t\t\t<span class='e-n-accordion-item-title-icon'>\n\t\t\t<span class='e-opened' ><svg aria-hidden=\"true\" class=\"e-font-icon-svg e-fas-minus\" viewbox=\"0 0 448 512\" xmlns=\"http:\/\/www.w3.org\/2000\/svg\"><path d=\"M416 208H32c-17.67 0-32 14.33-32 32v32c0 17.67 14.33 32 32 32h384c17.67 0 32-14.33 32-32v-32c0-17.67-14.33-32-32-32z\"><\/path><\/svg><\/span>\n\t\t\t<span class='e-closed'><svg aria-hidden=\"true\" class=\"e-font-icon-svg e-fas-plus\" viewbox=\"0 0 448 512\" xmlns=\"http:\/\/www.w3.org\/2000\/svg\"><path d=\"M416 208H272V64c0-17.67-14.33-32-32-32h-32c-17.67 0-32 14.33-32 32v144H32c-17.67 0-32 14.33-32 32v32c0 17.67 14.33 32 32 32h144v144c0 17.67 14.33 32 32 32h32c17.67 0 32-14.33 32-32V304h144c17.67 0 32-14.33 32-32v-32c0-17.67-14.33-32-32-32z\"><\/path><\/svg><\/span>\n\t\t<\/span>\n\n\t\t\t\t\t\t<\/summary>\n\t\t\t\t<div role=\"region\" aria-labelledby=\"e-n-accordion-item-1680\" class=\"elementor-element elementor-element-3f13328 e-con-full e-flex e-con e-child\" data-id=\"3f13328\" data-element_type=\"container\" data-e-type=\"container\">\n\t\t\t\t<div class=\"elementor-element elementor-element-03190e5 elementor-widget elementor-widget-text-editor\" data-id=\"03190e5\" data-element_type=\"widget\" data-e-type=\"widget\" data-widget_type=\"text-editor.default\">\n\t\t\t\t\t\t\t\t\t<div class=\"elementor-toggle-item\"><div id=\"elementor-tab-content-2333\" class=\"elementor-tab-content elementor-clearfix elementor-active\" role=\"region\" data-tab=\"3\" aria-labelledby=\"elementor-tab-title-2333\"><p>Please contact us for detailed information.<\/p><\/div><\/div><div class=\"elementor-toggle-item\"><h3 id=\"elementor-tab-title-2334\" class=\"elementor-tab-title elementor-active\" tabindex=\"0\" role=\"button\" data-tab=\"4\" aria-controls=\"elementor-tab-content-2334\" aria-expanded=\"true\" aria-selected=\"true\">\u00a0<\/h3><\/div>\t\t\t\t\t\t\t\t<\/div>\n\t\t\t\t<\/div>\n\t\t\t\t\t<\/details>\n\t\t\t\t\t\t<details id=\"e-n-accordion-item-1681\" class=\"e-n-accordion-item\" >\n\t\t\t\t<summary class=\"e-n-accordion-item-title\" data-accordion-index=\"2\" tabindex=\"-1\" aria-expanded=\"false\" aria-controls=\"e-n-accordion-item-1681\" >\n\t\t\t\t\t<span class='e-n-accordion-item-title-header'><div class=\"e-n-accordion-item-title-text\"> Billet Heating Furnaces <\/div><\/span>\n\t\t\t\t\t\t\t<span class='e-n-accordion-item-title-icon'>\n\t\t\t<span class='e-opened' ><svg aria-hidden=\"true\" class=\"e-font-icon-svg e-fas-minus\" viewbox=\"0 0 448 512\" xmlns=\"http:\/\/www.w3.org\/2000\/svg\"><path d=\"M416 208H32c-17.67 0-32 14.33-32 32v32c0 17.67 14.33 32 32 32h384c17.67 0 32-14.33 32-32v-32c0-17.67-14.33-32-32-32z\"><\/path><\/svg><\/span>\n\t\t\t<span class='e-closed'><svg aria-hidden=\"true\" class=\"e-font-icon-svg e-fas-plus\" viewbox=\"0 0 448 512\" xmlns=\"http:\/\/www.w3.org\/2000\/svg\"><path d=\"M416 208H272V64c0-17.67-14.33-32-32-32h-32c-17.67 0-32 14.33-32 32v144H32c-17.67 0-32 14.33-32 32v32c0 17.67 14.33 32 32 32h144v144c0 17.67 14.33 32 32 32h32c17.67 0 32-14.33 32-32V304h144c17.67 0 32-14.33 32-32v-32c0-17.67-14.33-32-32-32z\"><\/path><\/svg><\/span>\n\t\t<\/span>\n\n\t\t\t\t\t\t<\/summary>\n\t\t\t\t<div role=\"region\" aria-labelledby=\"e-n-accordion-item-1681\" class=\"elementor-element elementor-element-c16c1df e-con-full e-flex e-con e-child\" data-id=\"c16c1df\" data-element_type=\"container\" data-e-type=\"container\">\n\t\t\t\t<div class=\"elementor-element elementor-element-890e109 elementor-widget elementor-widget-text-editor\" data-id=\"890e109\" data-element_type=\"widget\" data-e-type=\"widget\" data-widget_type=\"text-editor.default\">\n\t\t\t\t\t\t\t\t\t<div class=\"elementor-toggle-item\"><div id=\"elementor-tab-content-2333\" class=\"elementor-tab-content elementor-clearfix elementor-active\" role=\"region\" data-tab=\"3\" aria-labelledby=\"elementor-tab-title-2333\"><p>Please contact us for detailed information.<\/p><\/div><\/div><div class=\"elementor-toggle-item\"><h3 id=\"elementor-tab-title-2334\" class=\"elementor-tab-title elementor-active\" tabindex=\"0\" role=\"button\" data-tab=\"4\" aria-controls=\"elementor-tab-content-2334\" aria-expanded=\"true\" aria-selected=\"true\">\u00a0<\/h3><\/div>\t\t\t\t\t\t\t\t<\/div>\n\t\t\t\t<\/div>\n\t\t\t\t\t<\/details>\n\t\t\t\t\t\t<details id=\"e-n-accordion-item-1682\" class=\"e-n-accordion-item\" >\n\t\t\t\t<summary class=\"e-n-accordion-item-title\" data-accordion-index=\"3\" tabindex=\"-1\" aria-expanded=\"false\" aria-controls=\"e-n-accordion-item-1682\" >\n\t\t\t\t\t<span class='e-n-accordion-item-title-header'><div class=\"e-n-accordion-item-title-text\"> Die Heat\u0131ng Ovens <\/div><\/span>\n\t\t\t\t\t\t\t<span class='e-n-accordion-item-title-icon'>\n\t\t\t<span class='e-opened' ><svg aria-hidden=\"true\" class=\"e-font-icon-svg e-fas-minus\" viewbox=\"0 0 448 512\" xmlns=\"http:\/\/www.w3.org\/2000\/svg\"><path d=\"M416 208H32c-17.67 0-32 14.33-32 32v32c0 17.67 14.33 32 32 32h384c17.67 0 32-14.33 32-32v-32c0-17.67-14.33-32-32-32z\"><\/path><\/svg><\/span>\n\t\t\t<span class='e-closed'><svg aria-hidden=\"true\" class=\"e-font-icon-svg e-fas-plus\" viewbox=\"0 0 448 512\" xmlns=\"http:\/\/www.w3.org\/2000\/svg\"><path d=\"M416 208H272V64c0-17.67-14.33-32-32-32h-32c-17.67 0-32 14.33-32 32v144H32c-17.67 0-32 14.33-32 32v32c0 17.67 14.33 32 32 32h144v144c0 17.67 14.33 32 32 32h32c17.67 0 32-14.33 32-32V304h144c17.67 0 32-14.33 32-32v-32c0-17.67-14.33-32-32-32z\"><\/path><\/svg><\/span>\n\t\t<\/span>\n\n\t\t\t\t\t\t<\/summary>\n\t\t\t\t<div role=\"region\" aria-labelledby=\"e-n-accordion-item-1682\" class=\"elementor-element elementor-element-9ca769a e-con-full e-flex e-con e-child\" data-id=\"9ca769a\" data-element_type=\"container\" data-e-type=\"container\">\n\t\t\t\t<div class=\"elementor-element elementor-element-80d70f2 elementor-widget elementor-widget-text-editor\" data-id=\"80d70f2\" data-element_type=\"widget\" data-e-type=\"widget\" data-widget_type=\"text-editor.default\">\n\t\t\t\t\t\t\t\t\t<div class=\"elementor-toggle-item\"><div id=\"elementor-tab-content-2333\" class=\"elementor-tab-content elementor-clearfix elementor-active\" role=\"region\" data-tab=\"3\" aria-labelledby=\"elementor-tab-title-2333\"><p>Please contact us for detailed information.<\/p><\/div><\/div><div class=\"elementor-toggle-item\"><h3 id=\"elementor-tab-title-2334\" class=\"elementor-tab-title elementor-active\" tabindex=\"0\" role=\"button\" data-tab=\"4\" aria-controls=\"elementor-tab-content-2334\" aria-expanded=\"true\" aria-selected=\"true\">\u00a0<\/h3><\/div>\t\t\t\t\t\t\t\t<\/div>\n\t\t\t\t<\/div>\n\t\t\t\t\t<\/details>\n\t\t\t\t\t<\/div>\n\t\t\t\t\t\t<\/div>\n\t\t\t\t\t<\/div>\n\t\t\t\t<\/div>\n\t\t\t\t<\/div>","protected":false},"excerpt":{"rendered":"<p>Al\u00fcminyum Ekstr\u00fczyon F\u0131r\u0131nlar\u0131 Ya\u015fland\u0131rma F\u0131r\u0131nlar\u0131 Detayl\u0131 bilgi i\u00e7in l\u00fctfen ileti\u015fime ge\u00e7iniz. \u00a0 Biyet Is\u0131tma F\u0131r\u0131nlar\u0131 Detayl\u0131 bilgi i\u00e7in l\u00fctfen ileti\u015fime ge\u00e7iniz. \u00a0 Kal\u0131p Is\u0131tma F\u0131r\u0131nlar\u0131 Detayl\u0131 bilgi i\u00e7in l\u00fctfen ileti\u015fime ge\u00e7iniz. \u00a0 Detayl\u0131 bilgi i\u00e7in l\u00fctfen ileti\u015fime ge\u00e7iniz. \u00a0 Detayl\u0131 bilgi i\u00e7in l\u00fctfen ileti\u015fime ge\u00e7iniz. \u00a0 Detayl\u0131 bilgi i\u00e7in l\u00fctfen ileti\u015fime ge\u00e7iniz. \u00a0<\/p>","protected":false},"author":1,"featured_media":0,"parent":0,"menu_order":0,"comment_status":"closed","ping_status":"closed","template":"","meta":{"footnotes":""},"class_list":["post-2612","page","type-page","status-publish","hentry"],"_links":{"self":[{"href":"https:\/\/citiusmuhendislik.com\/en\/wp-json\/wp\/v2\/pages\/2612","targetHints":{"allow":["GET"]}}],"collection":[{"href":"https:\/\/citiusmuhendislik.com\/en\/wp-json\/wp\/v2\/pages"}],"about":[{"href":"https:\/\/citiusmuhendislik.com\/en\/wp-json\/wp\/v2\/types\/page"}],"author":[{"embeddable":true,"href":"https:\/\/citiusmuhendislik.com\/en\/wp-json\/wp\/v2\/users\/1"}],"replies":[{"embeddable":true,"href":"https:\/\/citiusmuhendislik.com\/en\/wp-json\/wp\/v2\/comments?post=2612"}],"version-history":[{"count":19,"href":"https:\/\/citiusmuhendislik.com\/en\/wp-json\/wp\/v2\/pages\/2612\/revisions"}],"predecessor-version":[{"id":2897,"href":"https:\/\/citiusmuhendislik.com\/en\/wp-json\/wp\/v2\/pages\/2612\/revisions\/2897"}],"wp:attachment":[{"href":"https:\/\/citiusmuhendislik.com\/en\/wp-json\/wp\/v2\/media?parent=2612"}],"curies":[{"name":"wp","href":"https:\/\/api.w.org\/{rel}","templated":true}]}}