{"id":2679,"date":"2025-08-22T17:46:06","date_gmt":"2025-08-22T14:46:06","guid":{"rendered":"https:\/\/citius.wptasarimajansi.com.tr\/?page_id=2679"},"modified":"2025-08-29T17:38:14","modified_gmt":"2025-08-29T14:38:14","slug":"gizlilik-politikasi","status":"publish","type":"page","link":"https:\/\/citiusmuhendislik.com\/en\/gizlilik-politikasi\/","title":{"rendered":"Privacy Policy"},"content":{"rendered":"\t\t<div data-elementor-type=\"wp-page\" data-elementor-id=\"2679\" class=\"elementor elementor-2679\" data-elementor-post-type=\"page\">\n\t\t\t\t\t\t<section class=\"elementor-section elementor-top-section elementor-element elementor-element-8c3d564 elementor-section-boxed elementor-section-height-default elementor-section-height-default\" data-id=\"8c3d564\" data-element_type=\"section\" data-e-type=\"section\" data-settings=\"{&quot;background_background&quot;:&quot;classic&quot;}\">\n\t\t\t\t\t\t\t<div class=\"elementor-background-overlay\"><\/div>\n\t\t\t\t\t\t\t<div class=\"elementor-container elementor-column-gap-default\">\n\t\t\t\t\t<div class=\"elementor-column elementor-col-100 elementor-top-column elementor-element elementor-element-2d31ec8e\" data-id=\"2d31ec8e\" data-element_type=\"column\" data-e-type=\"column\">\n\t\t\t<div class=\"elementor-widget-wrap elementor-element-populated\">\n\t\t\t\t\t\t<div class=\"elementor-element elementor-element-595cfbe0 elementor-widget elementor-widget-heading\" data-id=\"595cfbe0\" data-element_type=\"widget\" data-e-type=\"widget\" data-widget_type=\"heading.default\">\n\t\t\t\t\t<h1 class=\"elementor-heading-title elementor-size-default\">Gizlilik Politikas\u0131<\/h1>\t\t\t\t<\/div>\n\t\t\t\t\t<\/div>\n\t\t<\/div>\n\t\t\t\t\t<\/div>\n\t\t<\/section>\n\t\t<div class=\"elementor-element elementor-element-18d6d4b e-flex e-con-boxed e-con e-parent\" data-id=\"18d6d4b\" data-element_type=\"container\" data-e-type=\"container\">\n\t\t\t\t\t<div class=\"e-con-inner\">\n\t\t\t\t<div class=\"elementor-element elementor-element-9d13069 elementor-widget elementor-widget-text-editor\" data-id=\"9d13069\" data-element_type=\"widget\" data-e-type=\"widget\" data-widget_type=\"text-editor.default\">\n\t\t\t\t\t\t\t\t\tCitius Is\u0131l \u0130\u015flem Tesisleri M\u00fchendislik ve Sanayi A.\u015e.\t\t\t\t\t\t\t\t<\/div>\n\t\t\t\t<div class=\"elementor-element elementor-element-53c7b4b elementor-widget elementor-widget-text-editor\" data-id=\"53c7b4b\" data-element_type=\"widget\" data-e-type=\"widget\" data-widget_type=\"text-editor.default\">\n\t\t\t\t\t\t\t\t\t<p data-start=\"364\" data-end=\"680\">\u00a0(bundan sonra \u201cCitius\u201d, \u201cbiz\u201d veya \u201c\u015firket\u201d) olarak, siz de\u011ferli kullan\u0131c\u0131lar\u0131m\u0131z\u0131n gizlili\u011fini korumay\u0131 taahh\u00fct ediyor, ki\u015fisel verilerinizi KVKK (6698 say\u0131l\u0131 Ki\u015fisel Verilerin Korunmas\u0131 Kanunu) \u00e7er\u00e7evesinde i\u015fliyoruz <span class=\"\" data-state=\"closed\"><span class=\"ms-1 inline-flex max-w-full items-center relative top-[-0.094rem] animate-[show_150ms_ease-in]\" data-testid=\"webpage-citation-pill\"><a class=\"flex h-4.5 overflow-hidden rounded-xl px-2 text-[9px] font-medium text-token-text-secondary! bg-[#F4F4F4]! dark:bg-[#303030]! transition-colors duration-150 ease-in-out\" href=\"https:\/\/citiusmuhendislik.com\/kvkk\/?utm_source=chatgpt.com\" target=\"_blank\" rel=\"noopener\"><span class=\"relative start-0 bottom-0 flex h-full w-full items-center\"><span class=\"flex h-4 w-full items-center justify-between overflow-hidden\"><span class=\"max-w-full grow truncate overflow-hidden text-center\">citiusmuhendislik.com<\/span><\/span><\/span><\/a><\/span><\/span>.<\/p><h3 data-start=\"682\" data-end=\"727\">1. Toplanan Veriler ve \u0130\u015flenme Ama\u00e7lar\u0131<\/h3><ul data-start=\"728\" data-end=\"1015\"><li data-start=\"728\" data-end=\"1015\"><p data-start=\"730\" data-end=\"1015\">Ad, soyad, ileti\u015fim (telefon, e-posta, adres), kimlik ve sat\u0131\u015f\/pazarlama bilgileri gibi bilgiler; m\u00fc\u015fteri memnuniyeti, sat\u0131\u015f s\u00fcre\u00e7leri, bak\u0131m-onar\u0131m, kampanya bilgilendirmesi, lojistik ve yasal y\u00fck\u00fcml\u00fcl\u00fcklere uygunluk amac\u0131yla toplan\u0131r ve i\u015flenir <span class=\"\" data-state=\"closed\"><span class=\"ms-1 inline-flex max-w-full items-center relative top-[-0.094rem] animate-[show_150ms_ease-in]\" data-testid=\"webpage-citation-pill\"><a class=\"flex h-4.5 overflow-hidden rounded-xl px-2 text-[9px] font-medium text-token-text-secondary! bg-[#F4F4F4]! dark:bg-[#303030]! transition-colors duration-150 ease-in-out\" href=\"https:\/\/citiusmuhendislik.com\/kvkk\/?utm_source=chatgpt.com\" target=\"_blank\" rel=\"noopener\"><span class=\"relative start-0 bottom-0 flex h-full w-full items-center\"><span class=\"flex h-4 w-full items-center justify-between overflow-hidden\"><span class=\"max-w-full grow truncate overflow-hidden text-center\">citiusmuhendislik.com<\/span><\/span><\/span><\/a><\/span><\/span>.<\/p><\/li><\/ul><h3 data-start=\"1017\" data-end=\"1055\">2. Verilerin Toplanma Y\u00f6ntemleri<\/h3><ul data-start=\"1056\" data-end=\"1218\"><li data-start=\"1056\" data-end=\"1218\"><p data-start=\"1058\" data-end=\"1218\">Web formu, kartvizit, dijital pazarlama kanallar\u0131, sosyal medya, kamuya a\u00e7\u0131k veriler ve \u00e7a\u011fr\u0131 merkezlerinden toplanabilir <span class=\"\" data-state=\"closed\"><span class=\"ms-1 inline-flex max-w-full items-center relative top-[-0.094rem] animate-[show_150ms_ease-in]\" data-testid=\"webpage-citation-pill\"><a class=\"flex h-4.5 overflow-hidden rounded-xl px-2 text-[9px] font-medium text-token-text-secondary! bg-[#F4F4F4]! dark:bg-[#303030]! transition-colors duration-150 ease-in-out\" href=\"https:\/\/citiusmuhendislik.com\/kvkk\/?utm_source=chatgpt.com\" target=\"_blank\" rel=\"noopener\"><span class=\"relative start-0 bottom-0 flex h-full w-full items-center\"><span class=\"flex h-4 w-full items-center justify-between overflow-hidden\"><span class=\"max-w-full grow truncate overflow-hidden text-center\">citiusmuhendislik.com<\/span><\/span><\/span><\/a><\/span><\/span>.<\/p><\/li><\/ul><h3 data-start=\"1220\" data-end=\"1248\">3. Verilerin Payla\u015f\u0131m\u0131<\/h3><ul data-start=\"1249\" data-end=\"1412\"><li data-start=\"1249\" data-end=\"1412\"><p data-start=\"1251\" data-end=\"1412\">Yurt i\u00e7i\/d\u0131\u015f\u0131 i\u015f ortaklar\u0131, kamu kurumlar\u0131, lojistik firmalar\u0131, dan\u0131\u015fmanlar, hukuk ve denetim birimleri ile payla\u015f\u0131labilir <span class=\"\" data-state=\"closed\"><span class=\"ms-1 inline-flex max-w-full items-center relative top-[-0.094rem] animate-[show_150ms_ease-in]\" data-testid=\"webpage-citation-pill\"><a class=\"flex h-4.5 overflow-hidden rounded-xl px-2 text-[9px] font-medium text-token-text-secondary! bg-[#F4F4F4]! dark:bg-[#303030]! transition-colors duration-150 ease-in-out\" href=\"https:\/\/citiusmuhendislik.com\/kvkk\/?utm_source=chatgpt.com\" target=\"_blank\" rel=\"noopener\"><span class=\"relative start-0 bottom-0 flex h-full w-full items-center\"><span class=\"flex h-4 w-full items-center justify-between overflow-hidden\"><span class=\"max-w-full grow truncate overflow-hidden text-center\">citiusmuhendislik.com<\/span><\/span><\/span><\/a><\/span><\/span>.<\/p><\/li><\/ul><h3 data-start=\"1414\" data-end=\"1451\">4. KVKK Kapsam\u0131ndaki Haklar\u0131n\u0131z<\/h3><p data-start=\"1452\" data-end=\"1551\">Ki\u015fisel veri sahipleri olarak a\u015fa\u011f\u0131daki haklara sahipsiniz <span class=\"\" data-state=\"closed\"><span class=\"ms-1 inline-flex max-w-full items-center relative top-[-0.094rem] animate-[show_150ms_ease-in]\" data-testid=\"webpage-citation-pill\"><a class=\"flex h-4.5 overflow-hidden rounded-xl px-2 text-[9px] font-medium text-token-text-secondary! bg-[#F4F4F4]! dark:bg-[#303030]! transition-colors duration-150 ease-in-out\" href=\"https:\/\/citiusmuhendislik.com\/kvkk\/?utm_source=chatgpt.com\" target=\"_blank\" rel=\"noopener\"><span class=\"relative start-0 bottom-0 flex h-full w-full items-center\"><span class=\"flex h-4 w-full items-center justify-between overflow-hidden\"><span class=\"max-w-full grow truncate overflow-hidden text-center\">citiusmuhendislik.com<\/span><\/span><\/span><\/a><\/span><\/span>:<\/p><ul data-start=\"1552\" data-end=\"2022\"><li data-start=\"1552\" data-end=\"1600\"><p data-start=\"1554\" data-end=\"1600\">Verilerinizin i\u015flenip i\u015flenmedi\u011fini \u00f6\u011frenme,<\/p><\/li><li data-start=\"1601\" data-end=\"1637\"><p data-start=\"1603\" data-end=\"1637\">\u0130\u015flenmi\u015fse buna dair bilgi alma,<\/p><\/li><li data-start=\"1638\" data-end=\"1699\"><p data-start=\"1640\" data-end=\"1699\">\u0130\u015flenme amac\u0131n\u0131 ve kullan\u0131m \u015feklinin uygunlu\u011funu \u00f6\u011frenme,<\/p><\/li><li data-start=\"1700\" data-end=\"1753\"><p data-start=\"1702\" data-end=\"1753\">Yurti\u00e7i\/yurtd\u0131\u015f\u0131 aktar\u0131lan \u00fc\u00e7\u00fcnc\u00fc ki\u015fileri bilme,<\/p><\/li><li data-start=\"1754\" data-end=\"1811\"><p data-start=\"1756\" data-end=\"1811\">Yanl\u0131\u015f ya da eksik i\u015flenme durumunda d\u00fczeltme isteme,<\/p><\/li><li data-start=\"1812\" data-end=\"1893\"><p data-start=\"1814\" data-end=\"1893\">Gereksiz i\u015flenme durumunda verilerin silinmesini ya da yok edilmesini isteme,<\/p><\/li><li data-start=\"1894\" data-end=\"1956\"><p data-start=\"1896\" data-end=\"1956\">Otomatik sistemler nedeniyle olu\u015fan olumsuz duruma itiraz,<\/p><\/li><li data-start=\"1957\" data-end=\"2022\"><p data-start=\"1959\" data-end=\"2022\">Aksi i\u015fleme nedeniyle zarara u\u011franmas\u0131 durumunda tazmin talebi.<\/p><\/li><\/ul><h3 data-start=\"2024\" data-end=\"2041\">5. \u0130leti\u015fim<\/h3><p data-start=\"2042\" data-end=\"2182\">Ki\u015fisel verilerinizle ilgili hak talepleriniz veya bu politika hakk\u0131nda sorular\u0131n\u0131z i\u00e7in bizimle ileti\u015fime ge\u00e7iniz: <a href=\"mailto:info@citiusmuhendislik.com\">info@citiusmuhendislik.com<\/a><\/p><h3 data-start=\"2184\" data-end=\"2216\">6. Politika G\u00fcncellemeleri<\/h3><p data-start=\"2217\" data-end=\"2293\">Bu politika gerekti\u011finde g\u00fcncellenebilir; g\u00fcncellemeler sitemizde duyurulur.<\/p>\t\t\t\t\t\t\t\t<\/div>\n\t\t\t\t\t<\/div>\n\t\t\t\t<\/div>\n\t\t\t\t<\/div>\n\t\t","protected":false},"excerpt":{"rendered":"<p>Gizlilik Politikas\u0131 Citius Is\u0131l \u0130\u015flem Tesisleri M\u00fchendislik ve Sanayi A.\u015e. \u00a0(bundan sonra \u201cCitius\u201d, \u201cbiz\u201d veya \u201c\u015firket\u201d) olarak, siz de\u011ferli kullan\u0131c\u0131lar\u0131m\u0131z\u0131n gizlili\u011fini korumay\u0131 taahh\u00fct ediyor, ki\u015fisel verilerinizi KVKK (6698 say\u0131l\u0131 Ki\u015fisel Verilerin Korunmas\u0131 Kanunu) \u00e7er\u00e7evesinde i\u015fliyoruz citiusmuhendislik.com. 1. Toplanan Veriler ve \u0130\u015flenme Ama\u00e7lar\u0131 Ad, soyad, ileti\u015fim (telefon, e-posta, adres), kimlik ve sat\u0131\u015f\/pazarlama bilgileri gibi bilgiler; m\u00fc\u015fteri [&hellip;]<\/p>\n","protected":false},"author":1,"featured_media":0,"parent":0,"menu_order":0,"comment_status":"closed","ping_status":"closed","template":"","meta":{"footnotes":""},"class_list":["post-2679","page","type-page","status-publish","hentry"],"_links":{"self":[{"href":"https:\/\/citiusmuhendislik.com\/en\/wp-json\/wp\/v2\/pages\/2679","targetHints":{"allow":["GET"]}}],"collection":[{"href":"https:\/\/citiusmuhendislik.com\/en\/wp-json\/wp\/v2\/pages"}],"about":[{"href":"https:\/\/citiusmuhendislik.com\/en\/wp-json\/wp\/v2\/types\/page"}],"author":[{"embeddable":true,"href":"https:\/\/citiusmuhendislik.com\/en\/wp-json\/wp\/v2\/users\/1"}],"replies":[{"embeddable":true,"href":"https:\/\/citiusmuhendislik.com\/en\/wp-json\/wp\/v2\/comments?post=2679"}],"version-history":[{"count":14,"href":"https:\/\/citiusmuhendislik.com\/en\/wp-json\/wp\/v2\/pages\/2679\/revisions"}],"predecessor-version":[{"id":2828,"href":"https:\/\/citiusmuhendislik.com\/en\/wp-json\/wp\/v2\/pages\/2679\/revisions\/2828"}],"wp:attachment":[{"href":"https:\/\/citiusmuhendislik.com\/en\/wp-json\/wp\/v2\/media?parent=2679"}],"curies":[{"name":"wp","href":"https:\/\/api.w.org\/{rel}","templated":true}]}}