{"id":2684,"date":"2025-08-22T17:48:26","date_gmt":"2025-08-22T14:48:26","guid":{"rendered":"https:\/\/citius.wptasarimajansi.com.tr\/?page_id=2684"},"modified":"2025-08-30T22:15:29","modified_gmt":"2025-08-30T19:15:29","slug":"cerez-politikasi","status":"publish","type":"page","link":"https:\/\/citiusmuhendislik.com\/en\/cerez-politikasi\/","title":{"rendered":"Cookie Policy"},"content":{"rendered":"<div data-elementor-type=\"wp-page\" data-elementor-id=\"2684\" class=\"elementor elementor-2684\" data-elementor-post-type=\"page\">\n\t\t\t\t\t\t<section class=\"elementor-section elementor-top-section elementor-element elementor-element-8c3d564 elementor-section-boxed elementor-section-height-default elementor-section-height-default\" data-id=\"8c3d564\" data-element_type=\"section\" data-e-type=\"section\" data-settings=\"{&quot;background_background&quot;:&quot;classic&quot;}\">\n\t\t\t\t\t\t\t<div class=\"elementor-background-overlay\"><\/div>\n\t\t\t\t\t\t\t<div class=\"elementor-container elementor-column-gap-default\">\n\t\t\t\t\t<div class=\"elementor-column elementor-col-100 elementor-top-column elementor-element elementor-element-2d31ec8e\" data-id=\"2d31ec8e\" data-element_type=\"column\" data-e-type=\"column\">\n\t\t\t<div class=\"elementor-widget-wrap elementor-element-populated\">\n\t\t\t\t\t\t<div class=\"elementor-element elementor-element-595cfbe0 elementor-widget elementor-widget-heading\" data-id=\"595cfbe0\" data-element_type=\"widget\" data-e-type=\"widget\" data-widget_type=\"heading.default\">\n\t\t\t\t\t<h1 class=\"elementor-heading-title elementor-size-default\">Cookie Policy<\/h1>\t\t\t\t<\/div>\n\t\t\t\t\t<\/div>\n\t\t<\/div>\n\t\t\t\t\t<\/div>\n\t\t<\/section>\n\t\t<div class=\"elementor-element elementor-element-18d6d4b e-flex e-con-boxed e-con e-parent\" data-id=\"18d6d4b\" data-element_type=\"container\" data-e-type=\"container\">\n\t\t\t\t\t<div class=\"e-con-inner\">\n\t\t\t\t<div class=\"elementor-element elementor-element-9d13069 elementor-widget elementor-widget-text-editor\" data-id=\"9d13069\" data-element_type=\"widget\" data-e-type=\"widget\" data-widget_type=\"text-editor.default\">\n\t\t\t\t\t\t\t\t\t<p data-start=\"2331\" data-end=\"2474\">Cookies are used to improve your experience on our website. By using the site, you are deemed to have accepted this policy.<\/p><h3 data-start=\"2476\" data-end=\"2497\">1. What is a Cookie?<\/h3><p data-start=\"2498\" data-end=\"2737\">Cookies are small text files placed on your device through your browser; they are used to remember your preferences, improve site performance, or personalize advertisements.<\/p><h3 data-start=\"2739\" data-end=\"2773\">2. Types of Cookies and Their Purposes<\/h3><ul data-start=\"2774\" data-end=\"3319\"><li data-start=\"2774\" data-end=\"2951\"><p data-start=\"2776\" data-end=\"2951\"><strong data-start=\"2776\" data-end=\"2804\">Technical\/Functional Cookies<\/strong>: Necessary for site functions (e.g., remembering form data) and can be used without explicit consent.<\/p><\/li><li data-start=\"2952\" data-end=\"3161\"><p data-start=\"2954\" data-end=\"3161\"><strong data-start=\"2954\" data-end=\"2986\">Statistical\/Analytical Cookies<\/strong>: Analyze visitor traffic anonymously (e.g., first-party analytics cookies) and can be used without explicit consent under limited conditions.<\/p><\/li><li data-start=\"3162\" data-end=\"3319\"><p data-start=\"3164\" data-end=\"3319\"><strong data-start=\"3164\" data-end=\"3194\">Marketing\/Tracking Cookies<\/strong>: Used for advertising and marketing purposes only <strong data-start=\"3244\" data-end=\"3257\">express consent<\/strong> It becomes active with .<\/p><\/li><\/ul><h3 data-start=\"3321\" data-end=\"3357\">3. Cookie Permission and Consent Management<\/h3><ul data-start=\"3358\" data-end=\"3562\"><li data-start=\"3358\" data-end=\"3562\"><p data-start=\"3360\" data-end=\"3562\">Users can choose cookies via the banner. <strong data-start=\"3406\" data-end=\"3441\">open, free and informed<\/strong> The possibility of withdrawing consent must be constantly available.<\/p><\/li><\/ul><h3 data-start=\"3564\" data-end=\"3595\">4. Third Party Cookies<\/h3><ul data-start=\"3596\" data-end=\"3799\"><li data-start=\"3596\" data-end=\"3799\"><p data-start=\"3598\" data-end=\"3799\">Third-party cookies such as Google Analytics, social media connectors may be in use; links to their providers must be provided separately.<\/p><\/li><\/ul><h3 data-start=\"3801\" data-end=\"3833\">5. Update and Transparency<\/h3><p data-start=\"3834\" data-end=\"3941\">This policy may be updated as necessary; updates will be published on our website and notified to the user.<\/p>\t\t\t\t\t\t\t\t<\/div>\n\t\t\t\t\t<\/div>\n\t\t\t\t<\/div>\n\t\t\t\t<\/div>","protected":false},"excerpt":{"rendered":"<p>\u00c7erez Politikas\u0131 Web sitemizdeki deneyiminizi iyile\u015ftirebilmek amac\u0131yla \u00e7erezler kullan\u0131lmaktad\u0131r. Kullan\u0131m\u0131n\u0131z, bu politikay\u0131 kabul etmi\u015f say\u0131lman\u0131za yol a\u00e7ar. 1. \u00c7erez Nedir? \u00c7erezler, taray\u0131c\u0131n\u0131z arac\u0131l\u0131\u011f\u0131yla cihaz\u0131n\u0131za yerle\u015ftirilen k\u00fc\u00e7\u00fck metin dosyalar\u0131d\u0131r; tercihlerinizin hat\u0131rlanmas\u0131, site performans\u0131n\u0131n art\u0131r\u0131lmas\u0131 veya reklamlar\u0131n ki\u015fiselle\u015ftirilmesi i\u00e7in kullan\u0131l\u0131r. 2. \u00c7erez T\u00fcrleri ve Ama\u00e7lar\u0131 Teknik\/\u0130\u015flevsel \u00c7erezler: Site i\u015flevleri i\u00e7in gereklidir (\u00f6rne\u011fin form verilerinin hat\u0131rlanmas\u0131), a\u00e7\u0131k r\u0131za [&hellip;]<\/p>\n","protected":false},"author":1,"featured_media":0,"parent":0,"menu_order":0,"comment_status":"closed","ping_status":"closed","template":"","meta":{"footnotes":""},"class_list":["post-2684","page","type-page","status-publish","hentry"],"_links":{"self":[{"href":"https:\/\/citiusmuhendislik.com\/en\/wp-json\/wp\/v2\/pages\/2684","targetHints":{"allow":["GET"]}}],"collection":[{"href":"https:\/\/citiusmuhendislik.com\/en\/wp-json\/wp\/v2\/pages"}],"about":[{"href":"https:\/\/citiusmuhendislik.com\/en\/wp-json\/wp\/v2\/types\/page"}],"author":[{"embeddable":true,"href":"https:\/\/citiusmuhendislik.com\/en\/wp-json\/wp\/v2\/users\/1"}],"replies":[{"embeddable":true,"href":"https:\/\/citiusmuhendislik.com\/en\/wp-json\/wp\/v2\/comments?post=2684"}],"version-history":[{"count":8,"href":"https:\/\/citiusmuhendislik.com\/en\/wp-json\/wp\/v2\/pages\/2684\/revisions"}],"predecessor-version":[{"id":2853,"href":"https:\/\/citiusmuhendislik.com\/en\/wp-json\/wp\/v2\/pages\/2684\/revisions\/2853"}],"wp:attachment":[{"href":"https:\/\/citiusmuhendislik.com\/en\/wp-json\/wp\/v2\/media?parent=2684"}],"curies":[{"name":"wp","href":"https:\/\/api.w.org\/{rel}","templated":true}]}}