{"id":2320,"date":"2025-08-03T07:50:40","date_gmt":"2025-08-03T04:50:40","guid":{"rendered":"https:\/\/tasarim2.yusufkecici.com.tr\/?page_id=2320"},"modified":"2025-08-30T22:14:49","modified_gmt":"2025-08-30T19:14:49","slug":"ergitme-dokum-hatlari","status":"publish","type":"page","link":"https:\/\/citiusmuhendislik.com\/tr_tr\/ergitme-dokum-hatlari\/","title":{"rendered":"Ergitme &#038; D\u00f6k\u00fcm Hatlar\u0131"},"content":{"rendered":"\t\t<div data-elementor-type=\"wp-page\" data-elementor-id=\"2320\" class=\"elementor elementor-2320\" data-elementor-post-type=\"page\">\n\t\t\t\t\t\t<section class=\"elementor-section elementor-top-section elementor-element elementor-element-8c3d564 elementor-section-boxed elementor-section-height-default elementor-section-height-default\" data-id=\"8c3d564\" data-element_type=\"section\" data-e-type=\"section\" data-settings=\"{&quot;background_background&quot;:&quot;classic&quot;}\">\n\t\t\t\t\t\t\t<div class=\"elementor-background-overlay\"><\/div>\n\t\t\t\t\t\t\t<div class=\"elementor-container elementor-column-gap-default\">\n\t\t\t\t\t<div class=\"elementor-column elementor-col-100 elementor-top-column elementor-element elementor-element-2d31ec8e\" data-id=\"2d31ec8e\" data-element_type=\"column\" data-e-type=\"column\">\n\t\t\t<div class=\"elementor-widget-wrap elementor-element-populated\">\n\t\t\t\t\t\t<div class=\"elementor-element elementor-element-595cfbe0 elementor-widget elementor-widget-heading\" data-id=\"595cfbe0\" data-element_type=\"widget\" data-e-type=\"widget\" data-widget_type=\"heading.default\">\n\t\t\t\t\t<h1 class=\"elementor-heading-title elementor-size-default\">Ergitme &amp; D\u00f6k\u00fcm Hatlar\u0131\n<\/h1>\t\t\t\t<\/div>\n\t\t\t\t\t<\/div>\n\t\t<\/div>\n\t\t\t\t\t<\/div>\n\t\t<\/section>\n\t\t<div class=\"elementor-element elementor-element-6f68f62 e-flex e-con-boxed e-con e-parent\" data-id=\"6f68f62\" data-element_type=\"container\" data-e-type=\"container\">\n\t\t\t\t\t<div class=\"e-con-inner\">\n\t\t\t\t<div class=\"elementor-element elementor-element-f3a885f elementor-align-justify elementor-widget elementor-widget-button\" data-id=\"f3a885f\" data-element_type=\"widget\" data-e-type=\"widget\" data-widget_type=\"button.default\">\n\t\t\t\t\t\t\t\t\t\t<a class=\"elementor-button elementor-button-link elementor-size-sm\" href=\"https:\/\/citiusmuhendislik.com\/wp-content\/uploads\/2025\/08\/SCMF.pdf\" target=\"_blank\">\n\t\t\t\t\t\t<span class=\"elementor-button-content-wrapper\">\n\t\t\t\t\t\t\t\t\t<span class=\"elementor-button-text\">KATALO\u011eU  \u0130ND\u0130R<\/span>\n\t\t\t\t\t<\/span>\n\t\t\t\t\t<\/a>\n\t\t\t\t\t\t\t\t<\/div>\n\t\t\t\t\t<\/div>\n\t\t\t\t<\/div>\n\t\t<div class=\"elementor-element elementor-element-18d6d4b e-flex e-con-boxed e-con e-parent\" data-id=\"18d6d4b\" data-element_type=\"container\" data-e-type=\"container\">\n\t\t\t\t\t<div class=\"e-con-inner\">\n\t\t\t\t<div class=\"elementor-element elementor-element-6f9499b elementor-widget elementor-widget-n-accordion\" data-id=\"6f9499b\" data-element_type=\"widget\" data-e-type=\"widget\" data-settings=\"{&quot;default_state&quot;:&quot;expanded&quot;,&quot;max_items_expended&quot;:&quot;one&quot;,&quot;n_accordion_animation_duration&quot;:{&quot;unit&quot;:&quot;ms&quot;,&quot;size&quot;:400,&quot;sizes&quot;:[]}}\" data-widget_type=\"nested-accordion.default\">\n\t\t\t\t\t\t\t<div class=\"e-n-accordion\" aria-label=\"Accordion. Open links with Enter or Space, close with Escape, and navigate with Arrow Keys\">\n\t\t\t\t\t\t<details id=\"e-n-accordion-item-1170\" class=\"e-n-accordion-item\" open>\n\t\t\t\t<summary class=\"e-n-accordion-item-title\" data-accordion-index=\"1\" tabindex=\"0\" aria-expanded=\"true\" aria-controls=\"e-n-accordion-item-1170\" >\n\t\t\t\t\t<span class='e-n-accordion-item-title-header'><div class=\"e-n-accordion-item-title-text\"> Tek Odal\u0131 Ergitme F\u0131r\u0131nlar\u0131 <\/div><\/span>\n\t\t\t\t\t\t\t<span class='e-n-accordion-item-title-icon'>\n\t\t\t<span class='e-opened' ><svg aria-hidden=\"true\" class=\"e-font-icon-svg e-fas-minus\" viewBox=\"0 0 448 512\" xmlns=\"http:\/\/www.w3.org\/2000\/svg\"><path d=\"M416 208H32c-17.67 0-32 14.33-32 32v32c0 17.67 14.33 32 32 32h384c17.67 0 32-14.33 32-32v-32c0-17.67-14.33-32-32-32z\"><\/path><\/svg><\/span>\n\t\t\t<span class='e-closed'><svg aria-hidden=\"true\" class=\"e-font-icon-svg e-fas-plus\" viewBox=\"0 0 448 512\" xmlns=\"http:\/\/www.w3.org\/2000\/svg\"><path d=\"M416 208H272V64c0-17.67-14.33-32-32-32h-32c-17.67 0-32 14.33-32 32v144H32c-17.67 0-32 14.33-32 32v32c0 17.67 14.33 32 32 32h144v144c0 17.67 14.33 32 32 32h32c17.67 0 32-14.33 32-32V304h144c17.67 0 32-14.33 32-32v-32c0-17.67-14.33-32-32-32z\"><\/path><\/svg><\/span>\n\t\t<\/span>\n\n\t\t\t\t\t\t<\/summary>\n\t\t\t\t<div role=\"region\" aria-labelledby=\"e-n-accordion-item-1170\" class=\"elementor-element elementor-element-4751cd7 e-con-full e-flex e-con e-child\" data-id=\"4751cd7\" data-element_type=\"container\" data-e-type=\"container\">\n\t\t\t\t<div class=\"elementor-element elementor-element-0218c96 elementor-widget elementor-widget-text-editor\" data-id=\"0218c96\" data-element_type=\"widget\" data-e-type=\"widget\" data-widget_type=\"text-editor.default\">\n\t\t\t\t\t\t\t\t\t<p>Tek kamaral\u0131 ergitme f\u0131r\u0131nlar\u0131 m\u00fc\u015fteri isteklerine g\u00f6re \u00f6zel olarak tasarlanmaktad\u0131r. Bu f\u0131r\u0131nlar k\u00fcl\u00e7e, ingot ve hurdalar\u0131 ergitme i\u00e7in kullan\u0131l\u0131r. Sabit veya devrilebilir olarak \u00fcretilmektedirler. Rejeneratif sistemler ile egzoz gaz\u0131 s\u0131cakl\u0131\u011f\u0131 ile yanma i\u00e7in kullan\u0131lan hava \u0131s\u0131t\u0131larak daha verimli bir yanma elde edilmektedir. Ek olarak, \u00a0temizlik, y\u00fckleme ve bak\u0131m a\u00e7\u0131s\u0131ndan kolayl\u0131k sa\u011flayan f\u0131r\u0131n banyosuna tamamen a\u00e7\u0131labilen contal\u0131 kap\u0131 tasar\u0131m\u0131na sahiptir. Kap\u0131 kontrolleri hidrolik veya pn\u00f6matik olarak sa\u011flanmaktad\u0131r.<\/p><p>Kapasite: 1 \u2013 150 Ton<\/p><p>Ergitme H\u0131z\u0131: 2-20 ton\/saat<\/p><p>Enerji T\u00fcketimi: 500 \u2013 750 kWh\/Ton Al.<\/p><p>F\u0131r\u0131nlar, hurda y\u00fckleme ara\u00e7lar\u0131, elektromanyetik kar\u0131\u015ft\u0131r\u0131c\u0131lar, porous plugler, lazer seviye kontrol sistemleri, O<sub>2<\/sub>\u00a0enjeksiyon sistemleri gibi \u00e7evresel ekipmanlarla da donat\u0131labilir.<\/p><p><img fetchpriority=\"high\" decoding=\"async\" class=\"size-medium wp-image-4297 alignleft\" src=\"https:\/\/citiusmuhendislik.com\/wp-content\/uploads\/2023\/02\/melting-casting-lines-300x225.webp\" sizes=\"(max-width: 300px) 100vw, 300px\" srcset=\"https:\/\/citiusmuhendislik.com\/wp-content\/uploads\/2023\/02\/melting-casting-lines-300x225.webp 300w, https:\/\/citiusmuhendislik.com\/wp-content\/uploads\/2023\/02\/melting-casting-lines-1024x768.webp 1024w, https:\/\/citiusmuhendislik.com\/wp-content\/uploads\/2023\/02\/melting-casting-lines-768x576.webp 768w, https:\/\/citiusmuhendislik.com\/wp-content\/uploads\/2023\/02\/melting-casting-lines-1536x1152.webp 1536w, https:\/\/citiusmuhendislik.com\/wp-content\/uploads\/2023\/02\/melting-casting-lines.webp 1600w\" alt=\"\" width=\"300\" height=\"225\" title=\"\"><\/p>\t\t\t\t\t\t\t\t<\/div>\n\t\t\t\t<\/div>\n\t\t\t\t\t<\/details>\n\t\t\t\t\t\t<details id=\"e-n-accordion-item-1171\" class=\"e-n-accordion-item\" >\n\t\t\t\t<summary class=\"e-n-accordion-item-title\" data-accordion-index=\"2\" tabindex=\"-1\" aria-expanded=\"false\" aria-controls=\"e-n-accordion-item-1171\" >\n\t\t\t\t\t<span class='e-n-accordion-item-title-header'><div class=\"e-n-accordion-item-title-text\"> \u00c7ok Odal\u0131 Ergitme F\u0131r\u0131nlar\u0131 <\/div><\/span>\n\t\t\t\t\t\t\t<span class='e-n-accordion-item-title-icon'>\n\t\t\t<span class='e-opened' ><svg aria-hidden=\"true\" class=\"e-font-icon-svg e-fas-minus\" viewBox=\"0 0 448 512\" xmlns=\"http:\/\/www.w3.org\/2000\/svg\"><path d=\"M416 208H32c-17.67 0-32 14.33-32 32v32c0 17.67 14.33 32 32 32h384c17.67 0 32-14.33 32-32v-32c0-17.67-14.33-32-32-32z\"><\/path><\/svg><\/span>\n\t\t\t<span class='e-closed'><svg aria-hidden=\"true\" class=\"e-font-icon-svg e-fas-plus\" viewBox=\"0 0 448 512\" xmlns=\"http:\/\/www.w3.org\/2000\/svg\"><path d=\"M416 208H272V64c0-17.67-14.33-32-32-32h-32c-17.67 0-32 14.33-32 32v144H32c-17.67 0-32 14.33-32 32v32c0 17.67 14.33 32 32 32h144v144c0 17.67 14.33 32 32 32h32c17.67 0 32-14.33 32-32V304h144c17.67 0 32-14.33 32-32v-32c0-17.67-14.33-32-32-32z\"><\/path><\/svg><\/span>\n\t\t<\/span>\n\n\t\t\t\t\t\t<\/summary>\n\t\t\t\t<div role=\"region\" aria-labelledby=\"e-n-accordion-item-1171\" class=\"elementor-element elementor-element-b6c6bd6 e-con-full e-flex e-con e-child\" data-id=\"b6c6bd6\" data-element_type=\"container\" data-e-type=\"container\">\n\t\t\t\t<div class=\"elementor-element elementor-element-13d27f6 elementor-widget elementor-widget-text-editor\" data-id=\"13d27f6\" data-element_type=\"widget\" data-e-type=\"widget\" data-widget_type=\"text-editor.default\">\n\t\t\t\t\t\t\t\t\t<p>Bu f\u0131r\u0131nlar 2 veya 3 b\u00f6lmeden olu\u015fmaktad\u0131r.\u00a0 1 nolu oda, k\u00fcl\u00e7elerin ve b\u00fcy\u00fck hurda demetlerinin y\u00fcklenmesi i\u00e7in tasarlanm\u0131\u015ft\u0131r. Ergitme i\u015flemi i\u00e7in bir \u0131s\u0131 kayna\u011f\u0131 olarak kullan\u0131lan ana yak\u0131c\u0131lar da bu haznededir. Hurda odas\u0131 olarak adland\u0131r\u0131lan 2 nolu oda ise k\u00fc\u00e7\u00fck hurda demetlerinin ve paketlenmemi\u015f hurdalar\u0131n eritilmesi i\u00e7in tasarlanm\u0131\u015f bir odad\u0131r. Ergitme i\u015flemi, elektromanyetik pompa taraf\u0131ndan olu\u015fturulan s\u0131cak ergimi\u015f metalin y\u00fcksek ak\u0131\u015f\u0131 ile ger\u00e7ekle\u015fir. Sistem at\u0131k gazlar\u0131 \u0131s\u0131tma enerjisi kayna\u011f\u0131 olarak kullanmaktad\u0131r.<\/p><p>Bu f\u0131r\u0131nlar, hurdalar\u0131n y\u00fcksek ergitme h\u0131zlar\u0131nda verimli ve uygun maliyetli bir \u015fekilde eritilmesi i\u00e7in kullan\u0131lmaktad\u0131r. Bu f\u0131r\u0131nlar % 8\u2019e kadar organik bile\u015fik i\u00e7eren termal yal\u0131t\u0131ml\u0131 boyal\u0131 profilleri, balyalanm\u0131\u015f bask\u0131 folyolar\u0131n\u0131, kullan\u0131lm\u0131\u015f i\u00e7ecek kutular\u0131 (UBC) vb. gibi hurda malzemelerin eritme i\u015flemleri i\u00e7in \u00fcretilmi\u015ftlerdir. Hurda odas\u0131 rampas\u0131, yakla\u015f\u0131k yar\u0131m saatte bir y\u00fcklenecektir. Bu sonucu olarak al\u00fcminyumun tonu ba\u015f\u0131na 500 kW\/saat gibi \u00e7ok d\u00fc\u015f\u00fck enerji t\u00fcketimi ile saatte 10 tona kadar eritme kapasitesi sa\u011flanmaktad\u0131r.<\/p>\t\t\t\t\t\t\t\t<\/div>\n\t\t\t\t<\/div>\n\t\t\t\t\t<\/details>\n\t\t\t\t\t<\/div>\n\t\t\t\t\t\t<\/div>\n\t\t\t\t\t<\/div>\n\t\t\t\t<\/div>\n\t\t\t\t<\/div>\n\t\t","protected":false},"excerpt":{"rendered":"<p>Ergitme &amp; D\u00f6k\u00fcm Hatlar\u0131 KATALO\u011eU \u0130ND\u0130R Tek Odal\u0131 Ergitme F\u0131r\u0131nlar\u0131 Tek kamaral\u0131 ergitme f\u0131r\u0131nlar\u0131 m\u00fc\u015fteri isteklerine g\u00f6re \u00f6zel olarak tasarlanmaktad\u0131r. Bu f\u0131r\u0131nlar k\u00fcl\u00e7e, ingot ve hurdalar\u0131 ergitme i\u00e7in kullan\u0131l\u0131r. Sabit veya devrilebilir olarak \u00fcretilmektedirler. Rejeneratif sistemler ile egzoz gaz\u0131 s\u0131cakl\u0131\u011f\u0131 ile yanma i\u00e7in kullan\u0131lan hava \u0131s\u0131t\u0131larak daha verimli bir yanma elde edilmektedir. Ek olarak, \u00a0temizlik, [&hellip;]<\/p>\n","protected":false},"author":1,"featured_media":0,"parent":0,"menu_order":0,"comment_status":"closed","ping_status":"closed","template":"","meta":{"footnotes":""},"class_list":["post-2320","page","type-page","status-publish","hentry"],"_links":{"self":[{"href":"https:\/\/citiusmuhendislik.com\/tr_tr\/wp-json\/wp\/v2\/pages\/2320","targetHints":{"allow":["GET"]}}],"collection":[{"href":"https:\/\/citiusmuhendislik.com\/tr_tr\/wp-json\/wp\/v2\/pages"}],"about":[{"href":"https:\/\/citiusmuhendislik.com\/tr_tr\/wp-json\/wp\/v2\/types\/page"}],"author":[{"embeddable":true,"href":"https:\/\/citiusmuhendislik.com\/tr_tr\/wp-json\/wp\/v2\/users\/1"}],"replies":[{"embeddable":true,"href":"https:\/\/citiusmuhendislik.com\/tr_tr\/wp-json\/wp\/v2\/comments?post=2320"}],"version-history":[{"count":21,"href":"https:\/\/citiusmuhendislik.com\/tr_tr\/wp-json\/wp\/v2\/pages\/2320\/revisions"}],"predecessor-version":[{"id":2852,"href":"https:\/\/citiusmuhendislik.com\/tr_tr\/wp-json\/wp\/v2\/pages\/2320\/revisions\/2852"}],"wp:attachment":[{"href":"https:\/\/citiusmuhendislik.com\/tr_tr\/wp-json\/wp\/v2\/media?parent=2320"}],"curies":[{"name":"wp","href":"https:\/\/api.w.org\/{rel}","templated":true}]}}