{"id":2327,"date":"2025-08-03T07:59:18","date_gmt":"2025-08-03T04:59:18","guid":{"rendered":"https:\/\/tasarim2.yusufkecici.com.tr\/?page_id=2327"},"modified":"2025-08-31T15:02:54","modified_gmt":"2025-08-31T12:02:54","slug":"homojenizasyon-merkezi","status":"publish","type":"page","link":"https:\/\/citiusmuhendislik.com\/tr_tr\/homojenizasyon-merkezi\/","title":{"rendered":"Homojenizasyon Merkezi"},"content":{"rendered":"\t\t<div data-elementor-type=\"wp-page\" data-elementor-id=\"2327\" class=\"elementor elementor-2327\" data-elementor-post-type=\"page\">\n\t\t\t\t\t\t<section class=\"elementor-section elementor-top-section elementor-element elementor-element-8c3d564 elementor-section-boxed elementor-section-height-default elementor-section-height-default\" data-id=\"8c3d564\" data-element_type=\"section\" data-e-type=\"section\" data-settings=\"{&quot;background_background&quot;:&quot;classic&quot;}\">\n\t\t\t\t\t\t\t<div class=\"elementor-background-overlay\"><\/div>\n\t\t\t\t\t\t\t<div class=\"elementor-container elementor-column-gap-default\">\n\t\t\t\t\t<div class=\"elementor-column elementor-col-100 elementor-top-column elementor-element elementor-element-2d31ec8e\" data-id=\"2d31ec8e\" data-element_type=\"column\" data-e-type=\"column\">\n\t\t\t<div class=\"elementor-widget-wrap elementor-element-populated\">\n\t\t\t\t\t\t<div class=\"elementor-element elementor-element-595cfbe0 elementor-widget elementor-widget-heading\" data-id=\"595cfbe0\" data-element_type=\"widget\" data-e-type=\"widget\" data-widget_type=\"heading.default\">\n\t\t\t\t\t<h1 class=\"elementor-heading-title elementor-size-default\">Homojenizasyon Merkezleri<\/h1>\t\t\t\t<\/div>\n\t\t\t\t\t<\/div>\n\t\t<\/div>\n\t\t\t\t\t<\/div>\n\t\t<\/section>\n\t\t<div class=\"elementor-element elementor-element-26be642 e-flex e-con-boxed e-con e-parent\" data-id=\"26be642\" data-element_type=\"container\" data-e-type=\"container\">\n\t\t\t\t\t<div class=\"e-con-inner\">\n\t\t\t\t<div class=\"elementor-element elementor-element-7db0b18 elementor-align-justify elementor-widget elementor-widget-button\" data-id=\"7db0b18\" data-element_type=\"widget\" data-e-type=\"widget\" data-widget_type=\"button.default\">\n\t\t\t\t\t\t\t\t\t\t<a class=\"elementor-button elementor-button-link elementor-size-sm\" href=\"https:\/\/citiusmuhendislik.com\/wp-content\/uploads\/2025\/08\/BTHF.pdf\" target=\"_blank\">\n\t\t\t\t\t\t<span class=\"elementor-button-content-wrapper\">\n\t\t\t\t\t\t\t\t\t<span class=\"elementor-button-text\">KATALO\u011eU  \u0130ND\u0130R<\/span>\n\t\t\t\t\t<\/span>\n\t\t\t\t\t<\/a>\n\t\t\t\t\t\t\t\t<\/div>\n\t\t\t\t\t<\/div>\n\t\t\t\t<\/div>\n\t\t<div class=\"elementor-element elementor-element-18d6d4b e-flex e-con-boxed e-con e-parent\" data-id=\"18d6d4b\" data-element_type=\"container\" data-e-type=\"container\">\n\t\t\t\t\t<div class=\"e-con-inner\">\n\t\t\t\t<div class=\"elementor-element elementor-element-6f9499b elementor-widget elementor-widget-n-accordion\" data-id=\"6f9499b\" data-element_type=\"widget\" data-e-type=\"widget\" data-settings=\"{&quot;default_state&quot;:&quot;expanded&quot;,&quot;max_items_expended&quot;:&quot;one&quot;,&quot;n_accordion_animation_duration&quot;:{&quot;unit&quot;:&quot;ms&quot;,&quot;size&quot;:400,&quot;sizes&quot;:[]}}\" data-widget_type=\"nested-accordion.default\">\n\t\t\t\t\t\t\t<div class=\"e-n-accordion\" aria-label=\"Accordion. Open links with Enter or Space, close with Escape, and navigate with Arrow Keys\">\n\t\t\t\t\t\t<details id=\"e-n-accordion-item-1170\" class=\"e-n-accordion-item\" open>\n\t\t\t\t<summary class=\"e-n-accordion-item-title\" data-accordion-index=\"1\" tabindex=\"0\" aria-expanded=\"true\" aria-controls=\"e-n-accordion-item-1170\" >\n\t\t\t\t\t<span class='e-n-accordion-item-title-header'><div class=\"e-n-accordion-item-title-text\"> Kamara Tip Homojenizasyon F\u0131r\u0131nlar\u0131 <\/div><\/span>\n\t\t\t\t\t\t\t<span class='e-n-accordion-item-title-icon'>\n\t\t\t<span class='e-opened' ><svg aria-hidden=\"true\" class=\"e-font-icon-svg e-fas-minus\" viewBox=\"0 0 448 512\" xmlns=\"http:\/\/www.w3.org\/2000\/svg\"><path d=\"M416 208H32c-17.67 0-32 14.33-32 32v32c0 17.67 14.33 32 32 32h384c17.67 0 32-14.33 32-32v-32c0-17.67-14.33-32-32-32z\"><\/path><\/svg><\/span>\n\t\t\t<span class='e-closed'><svg aria-hidden=\"true\" class=\"e-font-icon-svg e-fas-plus\" viewBox=\"0 0 448 512\" xmlns=\"http:\/\/www.w3.org\/2000\/svg\"><path d=\"M416 208H272V64c0-17.67-14.33-32-32-32h-32c-17.67 0-32 14.33-32 32v144H32c-17.67 0-32 14.33-32 32v32c0 17.67 14.33 32 32 32h144v144c0 17.67 14.33 32 32 32h32c17.67 0 32-14.33 32-32V304h144c17.67 0 32-14.33 32-32v-32c0-17.67-14.33-32-32-32z\"><\/path><\/svg><\/span>\n\t\t<\/span>\n\n\t\t\t\t\t\t<\/summary>\n\t\t\t\t<div role=\"region\" aria-labelledby=\"e-n-accordion-item-1170\" class=\"elementor-element elementor-element-4751cd7 e-con-full e-flex e-con e-child\" data-id=\"4751cd7\" data-element_type=\"container\" data-e-type=\"container\">\n\t\t\t\t<div class=\"elementor-element elementor-element-0218c96 elementor-widget elementor-widget-text-editor\" data-id=\"0218c96\" data-element_type=\"widget\" data-e-type=\"widget\" data-widget_type=\"text-editor.default\">\n\t\t\t\t\t\t\t\t\t<p>Kamara tip homojenizasyon f\u0131r\u0131nlar\u0131, esas olarak tek y\u00f6nl\u00fc hava ak\u0131\u015f\u0131 tekni\u011fi ile tasarlanm\u0131\u015ft\u0131r. Yeni nesil CitiUS kamara tip homojenizasyon f\u0131r\u0131nlar\u0131, d\u0131\u015f ve i\u00e7 k\u00fct\u00fckler aras\u0131ndaki s\u0131cakl\u0131k sapmas\u0131n\u0131 azaltan ve k\u00fct\u00fcklerin h\u0131zl\u0131 \u0131s\u0131nmas\u0131n\u0131 sa\u011flayan ters hava ak\u0131\u015f\u0131 tekni\u011fi ile \u00e7al\u0131\u015fmaktad\u0131r.<\/p><p>Bu tip f\u0131r\u0131nlarda k\u00fct\u00fcklere (yuvarlak) ek olarak, slab da homojenize edilebilir.<\/p><p>F\u0131r\u0131nlar\u0131n kapasiteleri 10 ile 100 ton aras\u0131nda de\u011fi\u015fmektedir.<\/p><p>CitiUS f\u0131r\u0131nlar\u0131n\u0131n ay\u0131rt edici \u00f6zelliklerinden baz\u0131lar\u0131 \u015funlard\u0131r:<\/p><ul><li>\u00c7ok daha iyi s\u0131cakl\u0131k homojenli\u011fi<\/li><li>T\u00fcm kut\u00fck \u015fekilleri ile uyumlu<\/li><li>Daha h\u0131zl\u0131 \u0131s\u0131nma h\u0131zlar\u0131<\/li><li>Daha d\u00fc\u015f\u00fck enerji t\u00fcketimi<\/li><li>Her partide son derece de\u011fi\u015fken k\u00fct\u00fck gruplamalar\u0131 i\u00e7in bile daha y\u00fcksek esneklik<\/li><li>Ek ta\u015f\u0131ma sistemleri olmadan ekonomik olarak geni\u015fletilebilme<\/li><li>Son derece g\u00fcvenilir \u00e7al\u0131\u015fma, az ar\u0131za s\u00fcresi, d\u00fc\u015f\u00fck bak\u0131m ve onar\u0131m maliyetleri<\/li><li>D\u00fc\u015f\u00fck i\u015f\u00e7ilik maliyetleri, tam otomasyon<\/li><\/ul><p>\u00a0<\/p><p>Bu tesisler otomotiv (CQI-9) ve havac\u0131l\u0131k (AMS 2750) end\u00fcstrilerinin \u00a0gerektirdi\u011fi standartlara uygun olarak kurulabilir.<\/p>\t\t\t\t\t\t\t\t<\/div>\n\t\t\t\t<\/div>\n\t\t\t\t\t<\/details>\n\t\t\t\t\t\t<details id=\"e-n-accordion-item-1171\" class=\"e-n-accordion-item\" >\n\t\t\t\t<summary class=\"e-n-accordion-item-title\" data-accordion-index=\"2\" tabindex=\"-1\" aria-expanded=\"false\" aria-controls=\"e-n-accordion-item-1171\" >\n\t\t\t\t\t<span class='e-n-accordion-item-title-header'><div class=\"e-n-accordion-item-title-text\"> S\u00fcrekli Tip Homojenizasyon F\u0131r\u0131nlar\u0131 <\/div><\/span>\n\t\t\t\t\t\t\t<span class='e-n-accordion-item-title-icon'>\n\t\t\t<span class='e-opened' ><svg aria-hidden=\"true\" class=\"e-font-icon-svg e-fas-minus\" viewBox=\"0 0 448 512\" xmlns=\"http:\/\/www.w3.org\/2000\/svg\"><path d=\"M416 208H32c-17.67 0-32 14.33-32 32v32c0 17.67 14.33 32 32 32h384c17.67 0 32-14.33 32-32v-32c0-17.67-14.33-32-32-32z\"><\/path><\/svg><\/span>\n\t\t\t<span class='e-closed'><svg aria-hidden=\"true\" class=\"e-font-icon-svg e-fas-plus\" viewBox=\"0 0 448 512\" xmlns=\"http:\/\/www.w3.org\/2000\/svg\"><path d=\"M416 208H272V64c0-17.67-14.33-32-32-32h-32c-17.67 0-32 14.33-32 32v144H32c-17.67 0-32 14.33-32 32v32c0 17.67 14.33 32 32 32h144v144c0 17.67 14.33 32 32 32h32c17.67 0 32-14.33 32-32V304h144c17.67 0 32-14.33 32-32v-32c0-17.67-14.33-32-32-32z\"><\/path><\/svg><\/span>\n\t\t<\/span>\n\n\t\t\t\t\t\t<\/summary>\n\t\t\t\t<div role=\"region\" aria-labelledby=\"e-n-accordion-item-1171\" class=\"elementor-element elementor-element-b6c6bd6 e-con-full e-flex e-con e-child\" data-id=\"b6c6bd6\" data-element_type=\"container\" data-e-type=\"container\">\n\t\t\t\t<div class=\"elementor-element elementor-element-13d27f6 elementor-widget elementor-widget-text-editor\" data-id=\"13d27f6\" data-element_type=\"widget\" data-e-type=\"widget\" data-widget_type=\"text-editor.default\">\n\t\t\t\t\t\t\t\t\t<p>S\u00fcrekli tip homojenizasyon f\u0131r\u0131nlar\u0131, al\u00fcminyum biyetlerin d\u00f6k\u00fcm sonras\u0131 istenilen mekanik \u00f6zellikleri sa\u011flamas\u0131 i\u00e7in geli\u015ftirilmi\u015f tam otomatik sistemlerdir. Otomatik sistemlerin \u00e7al\u0131\u015fma mant\u0131\u011f\u0131, k\u00fct\u00fckler d\u00f6k\u00fcm sonras\u0131 testerede kesilerek y\u00fckleme istasyonuna dizilmesi \u015feklindedir. Y\u00fckleme alan\u0131ndaki k\u00fct\u00fckler bir y\u00fckleme sistemi yard\u0131m\u0131yla homojenizasyon f\u0131r\u0131n\u0131na yerle\u015ftirilir. F\u0131r\u0131nda kontrol edilen \u0131s\u0131 ve hava ak\u0131\u015f\u0131 sayesinde \u00b1 3\u00b0C toleransla istenilen homojen s\u0131cakl\u0131k da\u011f\u0131l\u0131m\u0131 sa\u011flanarak 8000 mm ye kadar e\u015fit kalitede k\u00fct\u00fck \u00fcretimi sa\u011flanmaktad\u0131r. Homojenle\u015ftirme i\u015fleminden sonra k\u00fct\u00fckler so\u011futma odas\u0131na aktar\u0131larak 1000 \u00b0C\/saat so\u011futma h\u0131zlar\u0131na varan oranlarda so\u011futulur, otomatik olarak tart\u0131l\u0131r ve paketlenirler. Tam otomatik s\u00fcre\u00e7, geleneksel sistemlere k\u0131yasla neredeyse yar\u0131 yar\u0131ya zaman tasarrufu sa\u011flamaktad\u0131r. Sistem ekipmanlar\u0131: Komple k\u00fct\u00fck y\u00fckleme sistemi, k\u00fct\u00fck transfer konvey\u00f6r\u00fc, testere, ultrasonik \u00e7atlak kontrol sistemi, transfer arabas\u0131, f\u0131r\u0131n k\u00fct\u00fck y\u00fckleme konvey\u00f6r\u00fc, s\u00fcrekli homojenizasyon f\u0131r\u0131n\u0131, s\u00fcrekli h\u0131zl\u0131 k\u00fct\u00fck so\u011futma kabini, so\u011futma kabini \u00e7\u0131k\u0131\u015f konvey\u00f6r\u00fc, otomatik\/yar\u0131 otomatik \u00e7emberleme ve markalama makinelerinden olu\u015fmaktad\u0131r.<\/p><p>F\u0131r\u0131n\u0131n kapasitesi 2 ile 15 ton\/saat aras\u0131nda de\u011fi\u015fmektedir.<\/p><p>\u2013 T\u00fcm k\u00fct\u00fck tipleri i\u00e7in g\u00fcvenilir, en iyi homojenle\u015ftirme kalitesi,<\/p><p>\u2013 Ana ak\u0131m 6000 serisi ala\u015f\u0131mlar i\u00e7in en ekonomik homojenle\u015ftirme<\/p><p>\u2013 Tam otomasyon ile en d\u00fc\u015f\u00fck i\u015f\u00e7ilik maliyetleri,<\/p><p>\u2013 Derin y\u00fczey izlerinin olmad\u0131\u011f\u0131 en iyi k\u00fct\u00fck d\u00fczl\u00fc\u011f\u00fc<\/p><p>\u2013 Son derece g\u00fcvenilir \u00e7al\u0131\u015fma, az ar\u0131za s\u00fcresi, d\u00fc\u015f\u00fck bak\u0131m ve onar\u0131m maliyetleri<\/p><p>\u2013 En d\u00fc\u015f\u00fck enerji t\u00fcketimi, d\u00fc\u015f\u00fck g\u00fc\u00e7 de\u011ferleri<\/p><p>\u2013 Tesisin planlanmas\u0131nda esneklik<\/p><p>\u2013 Her bir bilet i\u00e7in i\u015flem verisinin kaydedilmesi<\/p>\t\t\t\t\t\t\t\t<\/div>\n\t\t\t\t<\/div>\n\t\t\t\t\t<\/details>\n\t\t\t\t\t\t<details id=\"e-n-accordion-item-1172\" class=\"e-n-accordion-item\" >\n\t\t\t\t<summary class=\"e-n-accordion-item-title\" data-accordion-index=\"3\" tabindex=\"-1\" aria-expanded=\"false\" aria-controls=\"e-n-accordion-item-1172\" >\n\t\t\t\t\t<span class='e-n-accordion-item-title-header'><div class=\"e-n-accordion-item-title-text\"> Testere Ve Tala\u015f Toplama Sistemleri <\/div><\/span>\n\t\t\t\t\t\t\t<span class='e-n-accordion-item-title-icon'>\n\t\t\t<span class='e-opened' ><svg aria-hidden=\"true\" class=\"e-font-icon-svg e-fas-minus\" viewBox=\"0 0 448 512\" xmlns=\"http:\/\/www.w3.org\/2000\/svg\"><path d=\"M416 208H32c-17.67 0-32 14.33-32 32v32c0 17.67 14.33 32 32 32h384c17.67 0 32-14.33 32-32v-32c0-17.67-14.33-32-32-32z\"><\/path><\/svg><\/span>\n\t\t\t<span class='e-closed'><svg aria-hidden=\"true\" class=\"e-font-icon-svg e-fas-plus\" viewBox=\"0 0 448 512\" xmlns=\"http:\/\/www.w3.org\/2000\/svg\"><path d=\"M416 208H272V64c0-17.67-14.33-32-32-32h-32c-17.67 0-32 14.33-32 32v144H32c-17.67 0-32 14.33-32 32v32c0 17.67 14.33 32 32 32h144v144c0 17.67 14.33 32 32 32h32c17.67 0 32-14.33 32-32V304h144c17.67 0 32-14.33 32-32v-32c0-17.67-14.33-32-32-32z\"><\/path><\/svg><\/span>\n\t\t<\/span>\n\n\t\t\t\t\t\t<\/summary>\n\t\t\t\t<div role=\"region\" aria-labelledby=\"e-n-accordion-item-1172\" class=\"elementor-element elementor-element-d329d87 e-con-full e-flex e-con e-child\" data-id=\"d329d87\" data-element_type=\"container\" data-e-type=\"container\">\n\t\t\t\t<div class=\"elementor-element elementor-element-9ecd94b elementor-widget elementor-widget-text-editor\" data-id=\"9ecd94b\" data-element_type=\"widget\" data-e-type=\"widget\" data-widget_type=\"text-editor.default\">\n\t\t\t\t\t\t\t\t\t<div class=\"elementor-toggle-item\"><div id=\"elementor-tab-content-2333\" class=\"elementor-tab-content elementor-clearfix elementor-active\" role=\"region\" data-tab=\"3\" aria-labelledby=\"elementor-tab-title-2333\"><p>Detayl\u0131 bilgi i\u00e7in l\u00fctfen ileti\u015fime ge\u00e7iniz.<\/p><\/div><\/div><div class=\"elementor-toggle-item\"><h3 id=\"elementor-tab-title-2334\" class=\"elementor-tab-title elementor-active\" tabindex=\"0\" role=\"button\" data-tab=\"4\" aria-controls=\"elementor-tab-content-2334\" aria-expanded=\"true\" aria-selected=\"true\">\u00a0<\/h3><\/div>\t\t\t\t\t\t\t\t<\/div>\n\t\t\t\t<\/div>\n\t\t\t\t\t<\/details>\n\t\t\t\t\t\t<details id=\"e-n-accordion-item-1173\" class=\"e-n-accordion-item\" >\n\t\t\t\t<summary class=\"e-n-accordion-item-title\" data-accordion-index=\"4\" tabindex=\"-1\" aria-expanded=\"false\" aria-controls=\"e-n-accordion-item-1173\" >\n\t\t\t\t\t<span class='e-n-accordion-item-title-header'><div class=\"e-n-accordion-item-title-text\"> Otomatik \u0130stifleme\/Paketleme Sistemleri <\/div><\/span>\n\t\t\t\t\t\t\t<span class='e-n-accordion-item-title-icon'>\n\t\t\t<span class='e-opened' ><svg aria-hidden=\"true\" class=\"e-font-icon-svg e-fas-minus\" viewBox=\"0 0 448 512\" xmlns=\"http:\/\/www.w3.org\/2000\/svg\"><path d=\"M416 208H32c-17.67 0-32 14.33-32 32v32c0 17.67 14.33 32 32 32h384c17.67 0 32-14.33 32-32v-32c0-17.67-14.33-32-32-32z\"><\/path><\/svg><\/span>\n\t\t\t<span class='e-closed'><svg aria-hidden=\"true\" class=\"e-font-icon-svg e-fas-plus\" viewBox=\"0 0 448 512\" xmlns=\"http:\/\/www.w3.org\/2000\/svg\"><path d=\"M416 208H272V64c0-17.67-14.33-32-32-32h-32c-17.67 0-32 14.33-32 32v144H32c-17.67 0-32 14.33-32 32v32c0 17.67 14.33 32 32 32h144v144c0 17.67 14.33 32 32 32h32c17.67 0 32-14.33 32-32V304h144c17.67 0 32-14.33 32-32v-32c0-17.67-14.33-32-32-32z\"><\/path><\/svg><\/span>\n\t\t<\/span>\n\n\t\t\t\t\t\t<\/summary>\n\t\t\t\t<div role=\"region\" aria-labelledby=\"e-n-accordion-item-1173\" class=\"elementor-element elementor-element-3a68c0b e-con-full e-flex e-con e-child\" data-id=\"3a68c0b\" data-element_type=\"container\" data-e-type=\"container\">\n\t\t\t\t<div class=\"elementor-element elementor-element-18f3299 elementor-widget elementor-widget-text-editor\" data-id=\"18f3299\" data-element_type=\"widget\" data-e-type=\"widget\" data-widget_type=\"text-editor.default\">\n\t\t\t\t\t\t\t\t\t<div class=\"elementor-toggle-item\"><div id=\"elementor-tab-content-2333\" class=\"elementor-tab-content elementor-clearfix elementor-active\" role=\"region\" data-tab=\"3\" aria-labelledby=\"elementor-tab-title-2333\"><p>Detayl\u0131 bilgi i\u00e7in l\u00fctfen ileti\u015fime ge\u00e7iniz.<\/p><\/div><\/div><div class=\"elementor-toggle-item\"><h3 id=\"elementor-tab-title-2334\" class=\"elementor-tab-title elementor-active\" tabindex=\"0\" role=\"button\" data-tab=\"4\" aria-controls=\"elementor-tab-content-2334\" aria-expanded=\"true\" aria-selected=\"true\">\u00a0<\/h3><\/div>\t\t\t\t\t\t\t\t<\/div>\n\t\t\t\t<\/div>\n\t\t\t\t\t<\/details>\n\t\t\t\t\t<\/div>\n\t\t\t\t\t\t<\/div>\n\t\t\t\t\t<\/div>\n\t\t\t\t<\/div>\n\t\t\t\t<\/div>\n\t\t","protected":false},"excerpt":{"rendered":"<p>Homojenizasyon Merkezleri KATALO\u011eU \u0130ND\u0130R Kamara Tip Homojenizasyon F\u0131r\u0131nlar\u0131 Kamara tip homojenizasyon f\u0131r\u0131nlar\u0131, esas olarak tek y\u00f6nl\u00fc hava ak\u0131\u015f\u0131 tekni\u011fi ile tasarlanm\u0131\u015ft\u0131r. Yeni nesil CitiUS kamara tip homojenizasyon f\u0131r\u0131nlar\u0131, d\u0131\u015f ve i\u00e7 k\u00fct\u00fckler aras\u0131ndaki s\u0131cakl\u0131k sapmas\u0131n\u0131 azaltan ve k\u00fct\u00fcklerin h\u0131zl\u0131 \u0131s\u0131nmas\u0131n\u0131 sa\u011flayan ters hava ak\u0131\u015f\u0131 tekni\u011fi ile \u00e7al\u0131\u015fmaktad\u0131r. Bu tip f\u0131r\u0131nlarda k\u00fct\u00fcklere (yuvarlak) ek olarak, slab [&hellip;]<\/p>\n","protected":false},"author":1,"featured_media":0,"parent":0,"menu_order":0,"comment_status":"closed","ping_status":"closed","template":"","meta":{"footnotes":""},"class_list":["post-2327","page","type-page","status-publish","hentry"],"_links":{"self":[{"href":"https:\/\/citiusmuhendislik.com\/tr_tr\/wp-json\/wp\/v2\/pages\/2327","targetHints":{"allow":["GET"]}}],"collection":[{"href":"https:\/\/citiusmuhendislik.com\/tr_tr\/wp-json\/wp\/v2\/pages"}],"about":[{"href":"https:\/\/citiusmuhendislik.com\/tr_tr\/wp-json\/wp\/v2\/types\/page"}],"author":[{"embeddable":true,"href":"https:\/\/citiusmuhendislik.com\/tr_tr\/wp-json\/wp\/v2\/users\/1"}],"replies":[{"embeddable":true,"href":"https:\/\/citiusmuhendislik.com\/tr_tr\/wp-json\/wp\/v2\/comments?post=2327"}],"version-history":[{"count":20,"href":"https:\/\/citiusmuhendislik.com\/tr_tr\/wp-json\/wp\/v2\/pages\/2327\/revisions"}],"predecessor-version":[{"id":2883,"href":"https:\/\/citiusmuhendislik.com\/tr_tr\/wp-json\/wp\/v2\/pages\/2327\/revisions\/2883"}],"wp:attachment":[{"href":"https:\/\/citiusmuhendislik.com\/tr_tr\/wp-json\/wp\/v2\/media?parent=2327"}],"curies":[{"name":"wp","href":"https:\/\/api.w.org\/{rel}","templated":true}]}}