{"id":2358,"date":"2025-08-03T08:12:07","date_gmt":"2025-08-03T05:12:07","guid":{"rendered":"https:\/\/tasarim2.yusufkecici.com.tr\/?page_id=2358"},"modified":"2025-08-30T22:05:59","modified_gmt":"2025-08-30T19:05:59","slug":"kvkk","status":"publish","type":"page","link":"https:\/\/citiusmuhendislik.com\/tr_tr\/kvkk\/","title":{"rendered":"KVKK"},"content":{"rendered":"\t\t<div data-elementor-type=\"wp-page\" data-elementor-id=\"2358\" class=\"elementor elementor-2358\" data-elementor-post-type=\"page\">\n\t\t\t\t\t\t<section class=\"elementor-section elementor-top-section elementor-element elementor-element-8c3d564 elementor-section-boxed elementor-section-height-default elementor-section-height-default\" data-id=\"8c3d564\" data-element_type=\"section\" data-e-type=\"section\" data-settings=\"{&quot;background_background&quot;:&quot;classic&quot;}\">\n\t\t\t\t\t\t\t<div class=\"elementor-background-overlay\"><\/div>\n\t\t\t\t\t\t\t<div class=\"elementor-container elementor-column-gap-default\">\n\t\t\t\t\t<div class=\"elementor-column elementor-col-100 elementor-top-column elementor-element elementor-element-2d31ec8e\" data-id=\"2d31ec8e\" data-element_type=\"column\" data-e-type=\"column\">\n\t\t\t<div class=\"elementor-widget-wrap elementor-element-populated\">\n\t\t\t\t\t\t<div class=\"elementor-element elementor-element-595cfbe0 elementor-widget elementor-widget-heading\" data-id=\"595cfbe0\" data-element_type=\"widget\" data-e-type=\"widget\" data-widget_type=\"heading.default\">\n\t\t\t\t\t<h1 class=\"elementor-heading-title elementor-size-default\">KVKK<\/h1>\t\t\t\t<\/div>\n\t\t\t\t\t<\/div>\n\t\t<\/div>\n\t\t\t\t\t<\/div>\n\t\t<\/section>\n\t\t<div class=\"elementor-element elementor-element-18d6d4b e-flex e-con-boxed e-con e-parent\" data-id=\"18d6d4b\" data-element_type=\"container\" data-e-type=\"container\">\n\t\t\t\t\t<div class=\"e-con-inner\">\n\t\t\t\t<div class=\"elementor-element elementor-element-9d13069 elementor-widget elementor-widget-text-editor\" data-id=\"9d13069\" data-element_type=\"widget\" data-e-type=\"widget\" data-widget_type=\"text-editor.default\">\n\t\t\t\t\t\t\t\t\t<p><strong>Citius Is\u0131l \u0130\u015flem Tesisleri M\u00fchendislik ve Sanayi A.\u015e.<\/strong>\u00a06698 say\u0131l\u0131 \u201cKi\u015fisel Verilerin Korunmas\u0131 Kanunu\u201d \u00e7er\u00e7evesinde ki\u015fisel verilerinizin hukuka uygun olarak toplanmas\u0131, saklanmas\u0131 ve payla\u015f\u0131lmas\u0131n\u0131 sa\u011flamak ve gizlili\u011finizi korumak amac\u0131yla, gerekli tedbirleri m\u00fcmk\u00fcn olan en \u00fcst seviyede almaktad\u0131r.<\/p><p>Ki\u015fisel verileriniz; 6698 say\u0131l\u0131 Ki\u015fisel Verilerin Korunmas\u0131 Kanunu uyar\u0131nca, Citius Is\u0131l \u0130\u015flem Tesisleri M\u00fchendislik ve Sanayi A.\u015e. taraf\u0131ndan a\u015fa\u011f\u0131da a\u00e7\u0131klanan \u015fekikde toplanacak, i\u015flenecek ve payla\u015f\u0131labilecektir.<\/p><p>1) Ki\u015fisel Verilerin \u0130\u015flenmesi<\/p><p>Citius Is\u0131l \u0130\u015flem Tesisleri M\u00fchendislik ve Sanayi A.\u015e. taraf\u0131ndan, \u00e7al\u0131\u015fanlar\u0131, m\u00fc\u015fterileri, m\u00fc\u015fteri ve \u00e7al\u0131\u015fan adaylar\u0131, i\u015f ortaklar\u0131, ta\u015feronlar\u0131 gibi taraflardan, kimlik bilgisi, ileti\u015fim bilgisi, sat\u0131\u015f ve pazarlama bilgisi gibi alanlarda ki\u015fisel veri toplanmaktad\u0131r.<\/p><p>Toplanan bu ki\u015fisel veriler;<\/p><p>Citius Is\u0131l \u0130\u015flem Tesisleri M\u00fchendislik ve Sanayi A.\u015e. \u00fcr\u00fcn ve hizmetlerini ile ilgili y\u00fck\u00fcml\u00fcklerini yerine getirmek amac\u0131 ile, \u00fcr\u00fcnlerin ve hizmetlerin sat\u0131\u015f\u0131, \u00fcr\u00fcnlerin \u00fccretlendirilmesi ve faturaland\u0131r\u0131lmas\u0131, \u00fcr\u00fcnlerin teslimi, kurulum, bak\u0131m, onar\u0131m vb. sat\u0131\u015f sonras\u0131 servis hizmetlerinin yerine getirilmesi, g\u00fcmr\u00fck operasyonlar\u0131n\u0131n y\u00fcr\u00fct\u00fclmesi ve malzeme tedarik s\u00fcre\u00e7lerinin y\u00f6netimi, \u00fcr\u00fcnler ile ilgili verilen servis hizmetleri, bak\u0131m onar\u0131m hizmetleri, sat\u0131\u015f ve pazarlama faaliyetleri i\u00e7in yap\u0131lacak \u00f6zel tan\u0131t\u0131m, reklam, kampanya, indirim, ve di\u011fer \u00f6neriler ile ilgili bilgilendirme ama\u00e7l\u0131 ileti\u015fime ge\u00e7ilmesi, m\u00fc\u015fteri memnuniyetinin belirlenmesi, \u015fik\u00e2yetler ve \u00f6nerilerin al\u0131nmas\u0131 ve bu konularla ilgili bilgi vermek, \u00fcr\u00fcn ve mal g\u00f6nderimi i\u00e7in \u00fc\u00e7\u00fcnc\u00fc ki\u015fi ve firmalarla lojistik i\u015fbirli\u011fi yap\u0131lmas\u0131, dan\u0131\u015fmanl\u0131k hizmetleri, yerel ve uluslararas\u0131 yasal mevzuat\u0131n \u00f6ng\u00f6rd\u00fc\u011f\u00fc bilgi saklama, raporlama, bilgilendirme y\u00fck\u00fcml\u00fcl\u00fcklerin yerine getirilmesi,<\/p><p>ama\u00e7lar\u0131yla 6698 say\u0131l\u0131 \u201cKi\u015fisel Verilerin Korunmas\u0131 Kanunu\u201d\u2019nun ilgili maddeleri gere\u011fince ki\u015fisel veriler i\u015flenecektir. \u00a0<\/p><p>2) \u0130\u015flenen Ki\u015fisel Verilerin Payla\u015f\u0131m\u0131<\/p><p>Toplanan ki\u015fisel veriler; yukar\u0131da ayr\u0131nt\u0131l\u0131 olarak a\u00e7\u0131klanan ki\u015fisel verilerin i\u015flenmesi \u00e7er\u00e7evesinde;<\/p><p>Citius Is\u0131l \u0130\u015flem Tesisleri M\u00fchendislik ve Sanayi A.\u015e. \u00a0yurti\u00e7i ve yurtd\u0131\u015f\u0131 i\u015f ortaklar\u0131na, kanunen yetkili kamu kurum ve kurulu\u015flarla, idari ve yasal mercilerle, dan\u0131\u015fmanlar, denet\u00e7iler, avukatlar ve yukar\u0131da belirtilen hizmetlerin sa\u011flanmas\u0131 i\u00e7in hizmet al\u0131nan \u00fc\u00e7\u00fcnc\u00fc ki\u015fi ve firmalarla, \u00fcr\u00fcnlerin teslimini ger\u00e7ekle\u015ftiren lojistik ve kargo firmalar\u0131 ile<\/p><p>6698 say\u0131l\u0131 \u201cKi\u015fisel Verilerin Korunmas\u0131 Kanunu\u201d\u2019nun ilgili maddeleri uyar\u0131nca payla\u015fabilecektir.<\/p><p>3) Ki\u015fisel Verilerin Toplanma \u015eekli<\/p><p>Citius Is\u0131l \u0130\u015flem Tesisleri M\u00fchendislik ve Sanayi A.\u015e.\u00a0 internet sitesinde bulunan formlar arac\u0131l\u0131\u011f\u0131yla ad, soyad, adres, telefon, i\u015f veya \u00f6zel e-posta adresi gibi bilgileri, , sat\u0131\u015f ve pazarlama departman\u0131 \u00e7al\u0131\u015fanlar\u0131, tedarik\u00e7iler ve i\u015f ortaklar\u0131 \u00fczerinden iletilen, kartvizitler ve ka\u011f\u0131t \u00fczerindeki formlardan, \u00a0dijital pazarlama ve \u00e7a\u011fr\u0131 merkezi gibi kanallar \u00fczerinden, kamuya a\u00e7\u0131k veri tabanlar\u0131n\u0131n sundu\u011fu bilgilerden, sosyal medya platformlar\u0131ndan payla\u015f\u0131ma a\u00e7\u0131k profil ve verilerden<\/p><p>ki\u015fisel veriler toplayabilmekte ve i\u015fleyebilmektedir.<\/p><p>4) Ki\u015fisel veri Sahibinin Haklar\u0131<\/p><p>6698 say\u0131l\u0131 \u201cKi\u015fisel Verilerin Korunmas\u0131 Kanunu\u201d uyar\u0131nca ki\u015fisel veri sahipleri a\u015fa\u011f\u0131daki haklara sahiptirler.<\/p><ol><li>Ki\u015fisel veri i\u015flenip i\u015flenmedi\u011fini \u00f6\u011frenme,<\/li><li>Ki\u015fisel verileri i\u015flenmi\u015fse buna ili\u015fkin bilgi talep etme,<\/li><li>Ki\u015fisel verilerin i\u015flenme amac\u0131n\u0131 ve bunlar\u0131n amac\u0131na uygun kullan\u0131l\u0131p kullan\u0131lmad\u0131\u011f\u0131n\u0131 \u00f6\u011frenme,<\/li><li>Yurt i\u00e7inde veya yurt d\u0131\u015f\u0131nda ki\u015fisel verilerin aktar\u0131ld\u0131\u011f\u0131 \u00fc\u00e7\u00fcnc\u00fc ki\u015fileri bilme,<\/li><li>Ki\u015fisel verilerin eksik veya yanl\u0131\u015f i\u015flenmi\u015f olmas\u0131 h\u00e2linde bunlar\u0131n d\u00fczeltilmesini isteme ve bu kapsamda yap\u0131lan i\u015flemin ki\u015fisel verilerin aktar\u0131ld\u0131\u011f\u0131 \u00fc\u00e7\u00fcnc\u00fc ki\u015filere bildirilmesini isteme,<\/li><li>6698 say\u0131l\u0131 Kanun h\u00fck\u00fcmlerine uygun olarak i\u015flenmi\u015f olmas\u0131na ra\u011fmen, i\u015flenmesini gerektiren sebeplerin ortadan kalkmas\u0131 halinde ki\u015fisel verilerin silinmesini veya yok edilmesini isteme, bu kapsamda yap\u0131lan i\u015flemin ki\u015fisel verilerin aktar\u0131ld\u0131\u011f\u0131 \u00fc\u00e7\u00fcnc\u00fc ki\u015filere bildirilmesini isteme,<\/li><li>\u0130\u015flenen verilerin m\u00fcnhas\u0131ran otomatik sistemler vas\u0131tas\u0131yla analiz edilmesi suretiyle ki\u015finin kendisi aleyhine bir sonucun ortaya \u00e7\u0131kmas\u0131na itiraz etme,<\/li><li>Ki\u015fisel verilerin kanuna ayk\u0131r\u0131 olarak i\u015flenmesi sebebiyle zarara u\u011framas\u0131 halinde zarar\u0131n giderilmesini talep etme haklar\u0131na sahiptir.<\/li><\/ol><p>yukar\u0131da belirtilen haklar\u0131 kullanma ile ilgili talep, soru ve g\u00f6r\u00fc\u015flerinizi a\u015fa\u011f\u0131daki verilen ileti\u015fim kanallar\u0131 \u00fczerinden bildirebilirsiniz.<\/p><p>Adres:\u00a0 C\u0130T\u0130US ISIL \u0130\u015eLEM TES\u0130SLER\u0130 M\u00dcH. SAN. ve T\u0130C. A.\u015e.<\/p><p>\u00c7erke\u015fli OSB Mah. IMES Sanayi Sitesi 17. Cad. No: 5 Dilovas\u0131-Kocaeli \/Turkiye<\/p><p>Telefon: +90 216 372 15 02<\/p><p>E-Posta: info@citiusmuhendislik.com<\/p>\t\t\t\t\t\t\t\t<\/div>\n\t\t\t\t\t<\/div>\n\t\t\t\t<\/div>\n\t\t\t\t<\/div>\n\t\t","protected":false},"excerpt":{"rendered":"<p>KVKK Citius Is\u0131l \u0130\u015flem Tesisleri M\u00fchendislik ve Sanayi A.\u015e.\u00a06698 say\u0131l\u0131 \u201cKi\u015fisel Verilerin Korunmas\u0131 Kanunu\u201d \u00e7er\u00e7evesinde ki\u015fisel verilerinizin hukuka uygun olarak toplanmas\u0131, saklanmas\u0131 ve payla\u015f\u0131lmas\u0131n\u0131 sa\u011flamak ve gizlili\u011finizi korumak amac\u0131yla, gerekli tedbirleri m\u00fcmk\u00fcn olan en \u00fcst seviyede almaktad\u0131r. Ki\u015fisel verileriniz; 6698 say\u0131l\u0131 Ki\u015fisel Verilerin Korunmas\u0131 Kanunu uyar\u0131nca, Citius Is\u0131l \u0130\u015flem Tesisleri M\u00fchendislik ve Sanayi A.\u015e. taraf\u0131ndan [&hellip;]<\/p>\n","protected":false},"author":1,"featured_media":0,"parent":0,"menu_order":0,"comment_status":"closed","ping_status":"closed","template":"","meta":{"footnotes":""},"class_list":["post-2358","page","type-page","status-publish","hentry"],"_links":{"self":[{"href":"https:\/\/citiusmuhendislik.com\/tr_tr\/wp-json\/wp\/v2\/pages\/2358","targetHints":{"allow":["GET"]}}],"collection":[{"href":"https:\/\/citiusmuhendislik.com\/tr_tr\/wp-json\/wp\/v2\/pages"}],"about":[{"href":"https:\/\/citiusmuhendislik.com\/tr_tr\/wp-json\/wp\/v2\/types\/page"}],"author":[{"embeddable":true,"href":"https:\/\/citiusmuhendislik.com\/tr_tr\/wp-json\/wp\/v2\/users\/1"}],"replies":[{"embeddable":true,"href":"https:\/\/citiusmuhendislik.com\/tr_tr\/wp-json\/wp\/v2\/comments?post=2358"}],"version-history":[{"count":14,"href":"https:\/\/citiusmuhendislik.com\/tr_tr\/wp-json\/wp\/v2\/pages\/2358\/revisions"}],"predecessor-version":[{"id":2845,"href":"https:\/\/citiusmuhendislik.com\/tr_tr\/wp-json\/wp\/v2\/pages\/2358\/revisions\/2845"}],"wp:attachment":[{"href":"https:\/\/citiusmuhendislik.com\/tr_tr\/wp-json\/wp\/v2\/media?parent=2358"}],"curies":[{"name":"wp","href":"https:\/\/api.w.org\/{rel}","templated":true}]}}